{"id":474,"date":"2024-05-17T13:22:55","date_gmt":"2024-05-17T13:22:55","guid":{"rendered":"https:\/\/www.laresidenceduparc.fr\/appartements\/"},"modified":"2025-05-27T12:32:42","modified_gmt":"2025-05-27T12:32:42","slug":"bezugsfertige-apartments","status":"publish","type":"page","link":"https:\/\/www.laresidenceduparc.fr\/de\/bezugsfertige-apartments\/","title":{"rendered":"\u201eBezugsfertige\u201c Apartments"},"content":{"rendered":"<p style=\"text-align: left;\">Das Aparthotel R\u00e9sidence du Parc Val d\u2019Europe bietet Unterk\u00fcnfte in der N\u00e4he von Disneyland Paris. W\u00e4hlen Sie das Apartment, das am besten zu Ihnen passt, um einen traumhaften Aufenthalt mit Familie, Freunden oder zu zweit zu verbringen.<\/p>\n<p style=\"text-align: left;\">Genie\u00dfen Sie m\u00f6blierte und ausgestattete Apartments, die wie zu Hause sind: Wohnraum mit Schlafbereich, Schreibtischecke, Essbereich, voll ausgestatteter Kitchenette und Badezimmer. Einige Studios verf\u00fcgen \u00fcber einen Balkon. Komfortable Unterk\u00fcnfte!<\/p>\n","protected":false},"excerpt":{"rendered":"<p>Das Aparthotel R\u00e9sidence du Parc Val d\u2019Europe bietet Unterk\u00fcnfte in der N\u00e4he von Disneyland Paris. W\u00e4hlen Sie das Apartment, das am besten zu Ihnen passt, um einen traumhaften Aufenthalt mit Familie, Freunden oder zu zweit zu verbringen. Genie\u00dfen Sie m\u00f6blierte und ausgestattete Apartments, die wie zu Hause sind: Wohnraum mit Schlafbereich, Schreibtischecke, Essbereich, voll ausgestatteter [&hellip;]<\/p>\n","protected":false},"author":27,"featured_media":0,"parent":0,"menu_order":0,"comment_status":"closed","ping_status":"closed","template":"template-rooms.php","meta":{"footnotes":""},"yoast_head":"<!-- This site is optimized with the Yoast SEO plugin v22.3 - https:\/\/yoast.com\/wordpress\/plugins\/seo\/ -->\n<title>Appart hotel Val d&#039;Europe - H\u00e9bergement Disneyland\u00ae | R\u00e9sidence du Parc<\/title>\n<meta name=\"description\" content=\"R\u00e9servez votre apparthotel \u00e0 Val d&#039;Europe et proche de Disneyland\u00ae Paris. La R\u00e9sidence du Parc met \u00e0 votre disposition 153 studios et appartements et ses services h\u00f4teliers\" \/>\n<meta name=\"robots\" content=\"index, follow, max-snippet:-1, max-image-preview:large, max-video-preview:-1\" \/>\n<link rel=\"canonical\" href=\"https:\/\/www.laresidenceduparc.fr\/de\/bezugsfertige-apartments\/\" \/>\n<meta property=\"og:locale\" content=\"de_DE\" \/>\n<meta property=\"og:type\" content=\"article\" \/>\n<meta property=\"og:title\" content=\"Appart hotel Val d&#039;Europe - H\u00e9bergement Disneyland\u00ae | R\u00e9sidence du Parc\" \/>\n<meta property=\"og:description\" content=\"R\u00e9servez votre apparthotel \u00e0 Val d&#039;Europe et proche de Disneyland\u00ae Paris. La R\u00e9sidence du Parc met \u00e0 votre disposition 153 studios et appartements et ses services h\u00f4teliers\" \/>\n<meta property=\"og:url\" content=\"https:\/\/www.laresidenceduparc.fr\/de\/bezugsfertige-apartments\/\" \/>\n<meta property=\"og:site_name\" content=\"R\u00e9sidence du Parc\" \/>\n<meta property=\"article:modified_time\" content=\"2025-05-27T12:32:42+00:00\" \/>\n<meta name=\"twitter:card\" content=\"summary_large_image\" \/>\n<meta name=\"twitter:label1\" content=\"Gesch\u00e4tzte Lesezeit\" \/>\n\t<meta name=\"twitter:data1\" content=\"1 Minute\" \/>\n<script type=\"application\/ld+json\" class=\"yoast-schema-graph\">{\"@context\":\"https:\/\/schema.org\",\"@graph\":[{\"@type\":\"WebPage\",\"@id\":\"https:\/\/www.laresidenceduparc.fr\/de\/bezugsfertige-apartments\/\",\"url\":\"https:\/\/www.laresidenceduparc.fr\/de\/bezugsfertige-apartments\/\",\"name\":\"Appart hotel Val d'Europe - H\u00e9bergement Disneyland\u00ae | R\u00e9sidence du Parc\",\"isPartOf\":{\"@id\":\"https:\/\/www.laresidenceduparc.fr\/de\/#website\"},\"datePublished\":\"2024-05-17T13:22:55+00:00\",\"dateModified\":\"2025-05-27T12:32:42+00:00\",\"description\":\"R\u00e9servez votre apparthotel \u00e0 Val d'Europe et proche de Disneyland\u00ae Paris. La R\u00e9sidence du Parc met \u00e0 votre disposition 153 studios et appartements et ses services h\u00f4teliers\",\"breadcrumb\":{\"@id\":\"https:\/\/www.laresidenceduparc.fr\/de\/bezugsfertige-apartments\/#breadcrumb\"},\"inLanguage\":\"de-DE\",\"potentialAction\":[{\"@type\":\"ReadAction\",\"target\":[\"https:\/\/www.laresidenceduparc.fr\/de\/bezugsfertige-apartments\/\"]}]},{\"@type\":\"BreadcrumbList\",\"@id\":\"https:\/\/www.laresidenceduparc.fr\/de\/bezugsfertige-apartments\/#breadcrumb\",\"itemListElement\":[{\"@type\":\"ListItem\",\"position\":1,\"name\":\"Home\",\"item\":\"https:\/\/www.laresidenceduparc.fr\/de\/\"},{\"@type\":\"ListItem\",\"position\":2,\"name\":\"\u201eBezugsfertige\u201c Apartments\"}]},{\"@type\":\"WebSite\",\"@id\":\"https:\/\/www.laresidenceduparc.fr\/de\/#website\",\"url\":\"https:\/\/www.laresidenceduparc.fr\/de\/\",\"name\":\"R\u00e9sidence du Parc\",\"description\":\"\",\"potentialAction\":[{\"@type\":\"SearchAction\",\"target\":{\"@type\":\"EntryPoint\",\"urlTemplate\":\"https:\/\/www.laresidenceduparc.fr\/de\/?s={search_term_string}\"},\"query-input\":\"required name=search_term_string\"}],\"inLanguage\":\"de-DE\"}]}<\/script>\n<!-- \/ Yoast SEO plugin. -->","yoast_head_json":{"title":"Appart hotel Val d'Europe - H\u00e9bergement Disneyland\u00ae | R\u00e9sidence du Parc","description":"R\u00e9servez votre apparthotel \u00e0 Val d'Europe et proche de Disneyland\u00ae Paris. La R\u00e9sidence du Parc met \u00e0 votre disposition 153 studios et appartements et ses services h\u00f4teliers","robots":{"index":"index","follow":"follow","max-snippet":"max-snippet:-1","max-image-preview":"max-image-preview:large","max-video-preview":"max-video-preview:-1"},"canonical":"https:\/\/www.laresidenceduparc.fr\/de\/bezugsfertige-apartments\/","og_locale":"de_DE","og_type":"article","og_title":"Appart hotel Val d'Europe - H\u00e9bergement Disneyland\u00ae | R\u00e9sidence du Parc","og_description":"R\u00e9servez votre apparthotel \u00e0 Val d'Europe et proche de Disneyland\u00ae Paris. La R\u00e9sidence du Parc met \u00e0 votre disposition 153 studios et appartements et ses services h\u00f4teliers","og_url":"https:\/\/www.laresidenceduparc.fr\/de\/bezugsfertige-apartments\/","og_site_name":"R\u00e9sidence du Parc","article_modified_time":"2025-05-27T12:32:42+00:00","twitter_card":"summary_large_image","twitter_misc":{"Gesch\u00e4tzte Lesezeit":"1 Minute"},"schema":{"@context":"https:\/\/schema.org","@graph":[{"@type":"WebPage","@id":"https:\/\/www.laresidenceduparc.fr\/de\/bezugsfertige-apartments\/","url":"https:\/\/www.laresidenceduparc.fr\/de\/bezugsfertige-apartments\/","name":"Appart hotel Val d'Europe - H\u00e9bergement Disneyland\u00ae | R\u00e9sidence du Parc","isPartOf":{"@id":"https:\/\/www.laresidenceduparc.fr\/de\/#website"},"datePublished":"2024-05-17T13:22:55+00:00","dateModified":"2025-05-27T12:32:42+00:00","description":"R\u00e9servez votre apparthotel \u00e0 Val d'Europe et proche de Disneyland\u00ae Paris. La R\u00e9sidence du Parc met \u00e0 votre disposition 153 studios et appartements et ses services h\u00f4teliers","breadcrumb":{"@id":"https:\/\/www.laresidenceduparc.fr\/de\/bezugsfertige-apartments\/#breadcrumb"},"inLanguage":"de-DE","potentialAction":[{"@type":"ReadAction","target":["https:\/\/www.laresidenceduparc.fr\/de\/bezugsfertige-apartments\/"]}]},{"@type":"BreadcrumbList","@id":"https:\/\/www.laresidenceduparc.fr\/de\/bezugsfertige-apartments\/#breadcrumb","itemListElement":[{"@type":"ListItem","position":1,"name":"Home","item":"https:\/\/www.laresidenceduparc.fr\/de\/"},{"@type":"ListItem","position":2,"name":"\u201eBezugsfertige\u201c Apartments"}]},{"@type":"WebSite","@id":"https:\/\/www.laresidenceduparc.fr\/de\/#website","url":"https:\/\/www.laresidenceduparc.fr\/de\/","name":"R\u00e9sidence du Parc","description":"","potentialAction":[{"@type":"SearchAction","target":{"@type":"EntryPoint","urlTemplate":"https:\/\/www.laresidenceduparc.fr\/de\/?s={search_term_string}"},"query-input":"required name=search_term_string"}],"inLanguage":"de-DE"}]}},"acf":[],"_links":{"self":[{"href":"https:\/\/www.laresidenceduparc.fr\/de\/wp-json\/wp\/v2\/pages\/474"}],"collection":[{"href":"https:\/\/www.laresidenceduparc.fr\/de\/wp-json\/wp\/v2\/pages"}],"about":[{"href":"https:\/\/www.laresidenceduparc.fr\/de\/wp-json\/wp\/v2\/types\/page"}],"author":[{"embeddable":true,"href":"https:\/\/www.laresidenceduparc.fr\/de\/wp-json\/wp\/v2\/users\/27"}],"replies":[{"embeddable":true,"href":"https:\/\/www.laresidenceduparc.fr\/de\/wp-json\/wp\/v2\/comments?post=474"}],"version-history":[{"count":0,"href":"https:\/\/www.laresidenceduparc.fr\/de\/wp-json\/wp\/v2\/pages\/474\/revisions"}],"wp:attachment":[{"href":"https:\/\/www.laresidenceduparc.fr\/de\/wp-json\/wp\/v2\/media?parent=474"}],"curies":[{"name":"wp","href":"https:\/\/api.w.org\/{rel}","templated":true}]}}