{"id":501,"date":"2024-05-23T09:17:47","date_gmt":"2024-05-23T09:17:47","guid":{"rendered":"https:\/\/www.laresidenceduparc.fr\/formulaire-evenement\/"},"modified":"2025-05-28T12:45:34","modified_gmt":"2025-05-28T12:45:34","slug":"formulaire-evenement","status":"publish","type":"page","link":"https:\/\/www.laresidenceduparc.fr\/de\/formulaire-evenement\/","title":{"rendered":"Veranstaltungsformular"},"content":{"rendered":"\n                <div class='gf_browser_gecko gform_wrapper' id='gform_wrapper_8' ><form method='post' enctype='multipart\/form-data'  id='gform_8'  action='\/de\/wp-json\/wp\/v2\/pages\/501'>\n                        <div class='gform_heading'>\n                            <h3 class='gform_title'>Veranstaltungsformular<\/h3>\n                            <span class='gform_description'><\/span>\n                        <\/div>\n                        <div class='gform_body'><ul id='gform_fields_8' class='gform_fields top_label form_sublabel_below description_below'><li id='field_8_1'  class='gfield gfield_contains_required field_sublabel_below field_description_below gfield_visibility_visible' ><label class='gfield_label' for='input_8_1' >Vorname &amp; Nachname<span class='gfield_required'>*<\/span><\/label><div class='ginput_container ginput_container_text'><input name='input_1' id='input_8_1' type='text' value='' class='medium'     aria-required=\"true\" aria-invalid=\"false\" \/><\/div><\/li><li id='field_8_2'  class='gfield gfield_contains_required field_sublabel_below field_description_below gfield_visibility_visible' ><label class='gfield_label' for='input_8_2' >E-Mail<span class='gfield_required'>*<\/span><\/label><div class='ginput_container ginput_container_text'><input name='input_2' id='input_8_2' type='text' value='' class='medium'     aria-required=\"true\" aria-invalid=\"false\" \/><\/div><\/li><li id='field_8_3'  class='gfield field_sublabel_below field_description_below gfield_visibility_visible' ><label class='gfield_label' for='input_8_3' >Firma<\/label><div class='ginput_container ginput_container_text'><input name='input_3' id='input_8_3' type='text' value='' class='medium'      aria-invalid=\"false\" \/><\/div><\/li><li id='field_8_4'  class='gfield gfield_contains_required field_sublabel_below field_description_below gfield_visibility_visible' ><label class='gfield_label' for='input_8_4' >Telefon<span class='gfield_required'>*<\/span><\/label><div class='ginput_container ginput_container_text'><input name='input_4' id='input_8_4' type='text' value='' class='medium'     aria-required=\"true\" aria-invalid=\"false\" \/><\/div><\/li><li id='field_8_5'  class='gfield gfield_contains_required field_sublabel_below field_description_below gfield_visibility_visible' ><label class='gfield_label' for='input_8_5' >Postleitzahl<span class='gfield_required'>*<\/span><\/label><div class='ginput_container ginput_container_text'><input name='input_5' id='input_8_5' type='text' value='' class='medium'     aria-required=\"true\" aria-invalid=\"false\" \/><\/div><\/li><li id='field_8_6'  class='gfield field_sublabel_below field_description_below gfield_visibility_visible' ><label class='gfield_label' for='input_8_6' >Nachricht<\/label><div class='ginput_container ginput_container_textarea'><textarea name='input_6' id='input_8_6' class='textarea medium'      aria-invalid=\"false\"   rows='10' cols='50'><\/textarea><\/div><\/li><li id='field_8_7'  class='gfield gfield_contains_required field_sublabel_below field_description_below gfield_visibility_visible' ><label class='gfield_label' for='input_8_7' >Ein ganzer Tag \/ Ein halber Tag<span class='gfield_required'>*<\/span><\/label><div class='ginput_container ginput_container_text'><input name='input_7' id='input_8_7' type='text' value='' class='medium'     aria-required=\"true\" aria-invalid=\"false\" \/><\/div><\/li><li id='field_8_8'  class='gfield gfield_contains_required field_sublabel_below field_description_below gfield_visibility_visible' ><label class='gfield_label' for='input_8_8' >Erfrischung \/ Mittagessen \/ Unterkunft<span class='gfield_required'>*<\/span><\/label><div class='ginput_container ginput_container_text'><input name='input_8' id='input_8_8' type='text' value='' class='medium'     aria-required=\"true\" aria-invalid=\"false\" \/><\/div><\/li><li id='field_8_9'  class='gfield gfield_contains_required field_sublabel_below field_description_below gfield_visibility_visible' ><label class='gfield_label' for='input_8_9' >Anzahl der Teilnehmer<span class='gfield_required'>*<\/span><\/label><div class='ginput_container ginput_container_text'><input name='input_9' id='input_8_9' type='text' value='' class='medium'     aria-required=\"true\" aria-invalid=\"false\" \/><\/div><\/li><li id='field_8_10'  class='gfield gfield_contains_required field_sublabel_below field_description_below gfield_visibility_visible' ><label class='gfield_label' for='input_8_10' >Datum<span class='gfield_required'>*<\/span><\/label><div class='ginput_container ginput_container_date'>\n                            <input name='input_10' id='input_8_10' type='text' value='' class='datepicker medium mdy datepicker_no_icon'    aria-describedby='input_8_10_date_format' \/>\n                            <span id='input_8_10_date_format' class='screen-reader-text'>Date Format: MM Schr\u00e4gstrich TT Schr\u00e4gstrich JJJJ<\/span>\n                        <\/div>\n                        <input type='hidden' id='gforms_calendar_icon_input_8_10' class='gform_hidden' value='https:\/\/www.laresidenceduparc.fr\/wp-content\/plugins\/gravityforms\/images\/calendar.png'\/><\/li><li id='field_8_11'  class='gfield gfield_contains_required field_sublabel_below field_description_below gfield_visibility_visible' ><label class='gfield_label' for='input_8_11' >Budget<span class='gfield_required'>*<\/span><\/label><div class='ginput_container ginput_container_text'><input name='input_11' id='input_8_11' type='text' value='' class='medium'     aria-required=\"true\" aria-invalid=\"false\" \/><\/div><\/li><li id='field_8_12'  class='gfield gfield_contains_required field_sublabel_below field_description_below gfield_visibility_visible' ><label class='gfield_label'  >Pers\u00f6nliche Daten<span class='gfield_required'>*<\/span><\/label><div class='ginput_container ginput_container_consent'><input name='input_12.1' id='input_8_12_1' type='checkbox' value='1'   aria-required=\"true\" aria-invalid=\"false\"   \/> <label class=\"gfield_consent_label\" for='input_8_12_1' >Ich akzeptiere die Verarbeitung meiner pers\u00f6nlichen Daten wie in den rechtlichen Hinweisen angegeben<\/label><input type='hidden' name='input_12.2' value='Ich akzeptiere die Verarbeitung meiner pers\u00f6nlichen Daten wie in den rechtlichen Hinweisen angegeben' class='gform_hidden' \/><input type='hidden' name='input_12.3' value='8' class='gform_hidden' \/><\/div><\/li><li id='field_8_13'  class='gfield field_sublabel_below field_description_below gfield_visibility_visible' ><label class='gfield_label' for='input_8_13' >CAPTCHA<\/label><div id='input_8_13' class='ginput_container ginput_recaptcha' data-sitekey='6Lc-5-UpAAAAACCmwO_35HVPCcX3LSL5XTNk1ioU'  data-theme='light' data-tabindex='-1' data-size='invisible' data-badge='bottomright'><\/div><\/li><li id='field_8_14'  class='gfield gform_validation_container field_sublabel_below field_description_below gfield_visibility_visible' ><label class='gfield_label' for='input_8_14' >Name<\/label><div class='ginput_container'><input name='input_14' id='input_8_14' type='text' value='' \/><\/div><div class='gfield_description' id='gfield_description_8_14'>Dieses Feld dient zur Validierung und sollte nicht ver\u00e4ndert werden.<\/div><\/li>\n                            <\/ul><\/div>\n        <div class='gform_footer top_label'> <input type='submit' id='gform_submit_button_8' class='gform_button button' value='Einreichen'  onclick='if(window[\"gf_submitting_8\"]){return false;}  window[\"gf_submitting_8\"]=true;  ' onkeypress='if( event.keyCode == 13 ){ if(window[\"gf_submitting_8\"]){return false;} window[\"gf_submitting_8\"]=true;  jQuery(\"#gform_8\").trigger(\"submit\",[true]); }' \/> \n            <input type='hidden' class='gform_hidden' name='is_submit_8' value='1' \/>\n            <input type='hidden' class='gform_hidden' name='gform_submit' value='8' \/>\n            \n            <input type='hidden' class='gform_hidden' name='gform_unique_id' value='' \/>\n            <input type='hidden' class='gform_hidden' name='state_8' value='WyJ7XCIxMi4xXCI6XCI4MzJhYzNkNzdjYjEzMGI5NWZkOWFhYjZiNDU5NmYxMVwiLFwiMTIuMlwiOlwiOWJkYmI0ZGY4OTMxMDE0ZTE4NmJmZGQ2NzYyYzQ1MzdcIixcIjEyLjNcIjpcIjlkNDJjZGJhN2IyZjE4MWVkZGE4NTYyZGJmMjg0ZjAwXCJ9IiwiNGFmOGFjNTJjYWU1ODc2YjgyNTViY2Y4ZTk1ZjJjM2MiXQ==' \/>\n            <input type='hidden' class='gform_hidden' name='gform_target_page_number_8' id='gform_target_page_number_8' value='0' \/>\n            <input type='hidden' class='gform_hidden' name='gform_source_page_number_8' id='gform_source_page_number_8' value='1' \/>\n            <input type='hidden' name='gform_field_values' value='' \/>\n            \n        <\/div>\n                        <\/form>\n                        <\/div><script type='text\/javascript'> jQuery(document).bind('gform_post_render', function(event, formId, currentPage){if(formId == 8) {} } );jQuery(document).bind('gform_post_conditional_logic', function(event, formId, fields, isInit){} );<\/script><script type='text\/javascript'> jQuery(document).ready(function(){jQuery(document).trigger('gform_post_render', [8, 1]) } ); <\/script>\n","protected":false},"excerpt":{"rendered":"","protected":false},"author":27,"featured_media":0,"parent":0,"menu_order":0,"comment_status":"closed","ping_status":"closed","template":"","meta":{"footnotes":""},"class_list":["post-501","page","type-page","status-publish","hentry"],"yoast_head":"<!-- This site is optimized with the Yoast SEO plugin v27.3 - https:\/\/yoast.com\/product\/yoast-seo-wordpress\/ -->\n<title>Organisation d&#039;\u00e9v\u00e8nement - Contact | R\u00e9sidence du Parc<\/title>\n<meta name=\"description\" content=\"Vous souhaitez organiser un \u00e9v\u00e8nement professionnel ou priv\u00e9? Renseignez ce formulaire pour que l&#039;\u00e9quipe de la R\u00e9sidence du Parc vous accompagne avec une offre adapt\u00e9e.\" \/>\n<meta name=\"robots\" content=\"index, follow, max-snippet:-1, max-image-preview:large, max-video-preview:-1\" \/>\n<link rel=\"canonical\" href=\"https:\/\/www.laresidenceduparc.fr\/de\/formulaire-evenement\/\" \/>\n<meta property=\"og:locale\" content=\"de_DE\" \/>\n<meta property=\"og:type\" content=\"article\" \/>\n<meta property=\"og:title\" content=\"Organisation d&#039;\u00e9v\u00e8nement - Contact | R\u00e9sidence du Parc\" \/>\n<meta property=\"og:description\" content=\"Vous souhaitez organiser un \u00e9v\u00e8nement professionnel ou priv\u00e9? Renseignez ce formulaire pour que l&#039;\u00e9quipe de la R\u00e9sidence du Parc vous accompagne avec une offre adapt\u00e9e.\" \/>\n<meta property=\"og:url\" content=\"https:\/\/www.laresidenceduparc.fr\/de\/formulaire-evenement\/\" \/>\n<meta property=\"og:site_name\" content=\"R\u00e9sidence du Parc\" \/>\n<meta property=\"article:modified_time\" content=\"2025-05-28T12:45:34+00:00\" \/>\n<meta name=\"twitter:card\" content=\"summary_large_image\" \/>\n<meta name=\"twitter:label1\" content=\"Gesch\u00e4tzte Lesezeit\" \/>\n\t<meta name=\"twitter:data1\" content=\"1 Minute\" \/>\n<script type=\"application\/ld+json\" class=\"yoast-schema-graph\">{\"@context\":\"https:\\\/\\\/schema.org\",\"@graph\":[{\"@type\":\"WebPage\",\"@id\":\"https:\\\/\\\/www.laresidenceduparc.fr\\\/de\\\/formulaire-evenement\\\/\",\"url\":\"https:\\\/\\\/www.laresidenceduparc.fr\\\/de\\\/formulaire-evenement\\\/\",\"name\":\"Organisation d'\u00e9v\u00e8nement - Contact | R\u00e9sidence du Parc\",\"isPartOf\":{\"@id\":\"https:\\\/\\\/www.laresidenceduparc.fr\\\/de\\\/#website\"},\"datePublished\":\"2024-05-23T09:17:47+00:00\",\"dateModified\":\"2025-05-28T12:45:34+00:00\",\"description\":\"Vous souhaitez organiser un \u00e9v\u00e8nement professionnel ou priv\u00e9? Renseignez ce formulaire pour que l'\u00e9quipe de la R\u00e9sidence du Parc vous accompagne avec une offre adapt\u00e9e.\",\"breadcrumb\":{\"@id\":\"https:\\\/\\\/www.laresidenceduparc.fr\\\/de\\\/formulaire-evenement\\\/#breadcrumb\"},\"inLanguage\":\"de-DE\",\"potentialAction\":[{\"@type\":\"ReadAction\",\"target\":[\"https:\\\/\\\/www.laresidenceduparc.fr\\\/de\\\/formulaire-evenement\\\/\"]}]},{\"@type\":\"BreadcrumbList\",\"@id\":\"https:\\\/\\\/www.laresidenceduparc.fr\\\/de\\\/formulaire-evenement\\\/#breadcrumb\",\"itemListElement\":[{\"@type\":\"ListItem\",\"position\":1,\"name\":\"Home\",\"item\":\"https:\\\/\\\/www.laresidenceduparc.fr\\\/de\\\/\"},{\"@type\":\"ListItem\",\"position\":2,\"name\":\"Veranstaltungsformular\"}]},{\"@type\":\"WebSite\",\"@id\":\"https:\\\/\\\/www.laresidenceduparc.fr\\\/de\\\/#website\",\"url\":\"https:\\\/\\\/www.laresidenceduparc.fr\\\/de\\\/\",\"name\":\"R\u00e9sidence du Parc\",\"description\":\"\",\"potentialAction\":[{\"@type\":\"SearchAction\",\"target\":{\"@type\":\"EntryPoint\",\"urlTemplate\":\"https:\\\/\\\/www.laresidenceduparc.fr\\\/de\\\/?s={search_term_string}\"},\"query-input\":{\"@type\":\"PropertyValueSpecification\",\"valueRequired\":true,\"valueName\":\"search_term_string\"}}],\"inLanguage\":\"de-DE\"}]}<\/script>\n<!-- \/ Yoast SEO plugin. -->","yoast_head_json":{"title":"Organisation d'\u00e9v\u00e8nement - Contact | R\u00e9sidence du Parc","description":"Vous souhaitez organiser un \u00e9v\u00e8nement professionnel ou priv\u00e9? Renseignez ce formulaire pour que l'\u00e9quipe de la R\u00e9sidence du Parc vous accompagne avec une offre adapt\u00e9e.","robots":{"index":"index","follow":"follow","max-snippet":"max-snippet:-1","max-image-preview":"max-image-preview:large","max-video-preview":"max-video-preview:-1"},"canonical":"https:\/\/www.laresidenceduparc.fr\/de\/formulaire-evenement\/","og_locale":"de_DE","og_type":"article","og_title":"Organisation d'\u00e9v\u00e8nement - Contact | R\u00e9sidence du Parc","og_description":"Vous souhaitez organiser un \u00e9v\u00e8nement professionnel ou priv\u00e9? Renseignez ce formulaire pour que l'\u00e9quipe de la R\u00e9sidence du Parc vous accompagne avec une offre adapt\u00e9e.","og_url":"https:\/\/www.laresidenceduparc.fr\/de\/formulaire-evenement\/","og_site_name":"R\u00e9sidence du Parc","article_modified_time":"2025-05-28T12:45:34+00:00","twitter_card":"summary_large_image","twitter_misc":{"Gesch\u00e4tzte Lesezeit":"1 Minute"},"schema":{"@context":"https:\/\/schema.org","@graph":[{"@type":"WebPage","@id":"https:\/\/www.laresidenceduparc.fr\/de\/formulaire-evenement\/","url":"https:\/\/www.laresidenceduparc.fr\/de\/formulaire-evenement\/","name":"Organisation d'\u00e9v\u00e8nement - Contact | R\u00e9sidence du Parc","isPartOf":{"@id":"https:\/\/www.laresidenceduparc.fr\/de\/#website"},"datePublished":"2024-05-23T09:17:47+00:00","dateModified":"2025-05-28T12:45:34+00:00","description":"Vous souhaitez organiser un \u00e9v\u00e8nement professionnel ou priv\u00e9? Renseignez ce formulaire pour que l'\u00e9quipe de la R\u00e9sidence du Parc vous accompagne avec une offre adapt\u00e9e.","breadcrumb":{"@id":"https:\/\/www.laresidenceduparc.fr\/de\/formulaire-evenement\/#breadcrumb"},"inLanguage":"de-DE","potentialAction":[{"@type":"ReadAction","target":["https:\/\/www.laresidenceduparc.fr\/de\/formulaire-evenement\/"]}]},{"@type":"BreadcrumbList","@id":"https:\/\/www.laresidenceduparc.fr\/de\/formulaire-evenement\/#breadcrumb","itemListElement":[{"@type":"ListItem","position":1,"name":"Home","item":"https:\/\/www.laresidenceduparc.fr\/de\/"},{"@type":"ListItem","position":2,"name":"Veranstaltungsformular"}]},{"@type":"WebSite","@id":"https:\/\/www.laresidenceduparc.fr\/de\/#website","url":"https:\/\/www.laresidenceduparc.fr\/de\/","name":"R\u00e9sidence du Parc","description":"","potentialAction":[{"@type":"SearchAction","target":{"@type":"EntryPoint","urlTemplate":"https:\/\/www.laresidenceduparc.fr\/de\/?s={search_term_string}"},"query-input":{"@type":"PropertyValueSpecification","valueRequired":true,"valueName":"search_term_string"}}],"inLanguage":"de-DE"}]}},"acf":[],"_links":{"self":[{"href":"https:\/\/www.laresidenceduparc.fr\/de\/wp-json\/wp\/v2\/pages\/501","targetHints":{"allow":["GET"]}}],"collection":[{"href":"https:\/\/www.laresidenceduparc.fr\/de\/wp-json\/wp\/v2\/pages"}],"about":[{"href":"https:\/\/www.laresidenceduparc.fr\/de\/wp-json\/wp\/v2\/types\/page"}],"author":[{"embeddable":true,"href":"https:\/\/www.laresidenceduparc.fr\/de\/wp-json\/wp\/v2\/users\/27"}],"replies":[{"embeddable":true,"href":"https:\/\/www.laresidenceduparc.fr\/de\/wp-json\/wp\/v2\/comments?post=501"}],"version-history":[{"count":0,"href":"https:\/\/www.laresidenceduparc.fr\/de\/wp-json\/wp\/v2\/pages\/501\/revisions"}],"wp:attachment":[{"href":"https:\/\/www.laresidenceduparc.fr\/de\/wp-json\/wp\/v2\/media?parent=501"}],"curies":[{"name":"wp","href":"https:\/\/api.w.org\/{rel}","templated":true}]}}