{"id":519,"date":"2024-05-21T12:14:04","date_gmt":"2024-05-21T12:14:04","guid":{"rendered":"https:\/\/www.laresidenceduparc.fr\/services-equipements\/"},"modified":"2025-05-28T14:19:52","modified_gmt":"2025-05-28T14:19:52","slug":"dienstleistungen-ausstattung","status":"publish","type":"page","link":"https:\/\/www.laresidenceduparc.fr\/de\/dienstleistungen-ausstattung\/","title":{"rendered":"Dienstleistungen &amp; Ausstattung"},"content":{"rendered":"<p style=\"text-align: center;\">In der R\u00e9sidence du Parc Val d\u2019Europe profitieren Sie von Dienstleistungen und Ausstattungen, die darauf ausgelegt sind, Ihren Aufenthalt so angenehm wie m\u00f6glich zu gestalten. Entspannen Sie sich und erfrischen Sie sich in unserem Au\u00dfenpool w\u00e4hrend der Sommermonate.<\/p>\n","protected":false},"excerpt":{"rendered":"<p>In der R\u00e9sidence du Parc Val d\u2019Europe profitieren Sie von Dienstleistungen und Ausstattungen, die darauf ausgelegt sind, Ihren Aufenthalt so angenehm wie m\u00f6glich zu gestalten. Entspannen Sie sich und erfrischen Sie sich in unserem Au\u00dfenpool w\u00e4hrend der Sommermonate.<\/p>\n","protected":false},"author":27,"featured_media":0,"parent":0,"menu_order":0,"comment_status":"closed","ping_status":"closed","template":"template-services.php","meta":{"footnotes":""},"yoast_head":"<!-- This site is optimized with the Yoast SEO plugin v22.3 - https:\/\/yoast.com\/wordpress\/plugins\/seo\/ -->\n<title>Appart hotel Val d&#039;Europe - Nos services h\u00f4teliers | R\u00e9sidence du Parc<\/title>\n<meta name=\"description\" content=\"D\u00e9couvrez les services de La R\u00e9sidence du Parc, apparthotel \u00e0 Val d&#039;Europe et proche de Disneyland\u00ae: piscine ext\u00e9rieure, petit-d\u00e9jeuner, billetterie, parking\" \/>\n<meta name=\"robots\" content=\"index, follow, max-snippet:-1, max-image-preview:large, max-video-preview:-1\" \/>\n<link rel=\"canonical\" href=\"https:\/\/www.laresidenceduparc.fr\/de\/dienstleistungen-ausstattung\/\" \/>\n<meta property=\"og:locale\" content=\"de_DE\" \/>\n<meta property=\"og:type\" content=\"article\" \/>\n<meta property=\"og:title\" content=\"Appart hotel Val d&#039;Europe - Nos services h\u00f4teliers | R\u00e9sidence du Parc\" \/>\n<meta property=\"og:description\" content=\"D\u00e9couvrez les services de La R\u00e9sidence du Parc, apparthotel \u00e0 Val d&#039;Europe et proche de Disneyland\u00ae: piscine ext\u00e9rieure, petit-d\u00e9jeuner, billetterie, parking\" \/>\n<meta property=\"og:url\" content=\"https:\/\/www.laresidenceduparc.fr\/de\/dienstleistungen-ausstattung\/\" \/>\n<meta property=\"og:site_name\" content=\"R\u00e9sidence du Parc\" \/>\n<meta property=\"article:modified_time\" content=\"2025-05-28T14:19:52+00:00\" \/>\n<meta name=\"twitter:card\" content=\"summary_large_image\" \/>\n<meta name=\"twitter:label1\" content=\"Gesch\u00e4tzte Lesezeit\" \/>\n\t<meta name=\"twitter:data1\" content=\"1 Minute\" \/>\n<script type=\"application\/ld+json\" class=\"yoast-schema-graph\">{\"@context\":\"https:\/\/schema.org\",\"@graph\":[{\"@type\":\"WebPage\",\"@id\":\"https:\/\/www.laresidenceduparc.fr\/de\/dienstleistungen-ausstattung\/\",\"url\":\"https:\/\/www.laresidenceduparc.fr\/de\/dienstleistungen-ausstattung\/\",\"name\":\"Appart hotel Val d'Europe - Nos services h\u00f4teliers | R\u00e9sidence du Parc\",\"isPartOf\":{\"@id\":\"https:\/\/www.laresidenceduparc.fr\/de\/#website\"},\"datePublished\":\"2024-05-21T12:14:04+00:00\",\"dateModified\":\"2025-05-28T14:19:52+00:00\",\"description\":\"D\u00e9couvrez les services de La R\u00e9sidence du Parc, apparthotel \u00e0 Val d'Europe et proche de Disneyland\u00ae: piscine ext\u00e9rieure, petit-d\u00e9jeuner, billetterie, parking\",\"breadcrumb\":{\"@id\":\"https:\/\/www.laresidenceduparc.fr\/de\/dienstleistungen-ausstattung\/#breadcrumb\"},\"inLanguage\":\"de-DE\",\"potentialAction\":[{\"@type\":\"ReadAction\",\"target\":[\"https:\/\/www.laresidenceduparc.fr\/de\/dienstleistungen-ausstattung\/\"]}]},{\"@type\":\"BreadcrumbList\",\"@id\":\"https:\/\/www.laresidenceduparc.fr\/de\/dienstleistungen-ausstattung\/#breadcrumb\",\"itemListElement\":[{\"@type\":\"ListItem\",\"position\":1,\"name\":\"Home\",\"item\":\"https:\/\/www.laresidenceduparc.fr\/de\/\"},{\"@type\":\"ListItem\",\"position\":2,\"name\":\"Dienstleistungen &amp; Ausstattung\"}]},{\"@type\":\"WebSite\",\"@id\":\"https:\/\/www.laresidenceduparc.fr\/de\/#website\",\"url\":\"https:\/\/www.laresidenceduparc.fr\/de\/\",\"name\":\"R\u00e9sidence du Parc\",\"description\":\"\",\"potentialAction\":[{\"@type\":\"SearchAction\",\"target\":{\"@type\":\"EntryPoint\",\"urlTemplate\":\"https:\/\/www.laresidenceduparc.fr\/de\/?s={search_term_string}\"},\"query-input\":\"required name=search_term_string\"}],\"inLanguage\":\"de-DE\"}]}<\/script>\n<!-- \/ Yoast SEO plugin. -->","yoast_head_json":{"title":"Appart hotel Val d'Europe - Nos services h\u00f4teliers | R\u00e9sidence du Parc","description":"D\u00e9couvrez les services de La R\u00e9sidence du Parc, apparthotel \u00e0 Val d'Europe et proche de Disneyland\u00ae: piscine ext\u00e9rieure, petit-d\u00e9jeuner, billetterie, parking","robots":{"index":"index","follow":"follow","max-snippet":"max-snippet:-1","max-image-preview":"max-image-preview:large","max-video-preview":"max-video-preview:-1"},"canonical":"https:\/\/www.laresidenceduparc.fr\/de\/dienstleistungen-ausstattung\/","og_locale":"de_DE","og_type":"article","og_title":"Appart hotel Val d'Europe - Nos services h\u00f4teliers | R\u00e9sidence du Parc","og_description":"D\u00e9couvrez les services de La R\u00e9sidence du Parc, apparthotel \u00e0 Val d'Europe et proche de Disneyland\u00ae: piscine ext\u00e9rieure, petit-d\u00e9jeuner, billetterie, parking","og_url":"https:\/\/www.laresidenceduparc.fr\/de\/dienstleistungen-ausstattung\/","og_site_name":"R\u00e9sidence du Parc","article_modified_time":"2025-05-28T14:19:52+00:00","twitter_card":"summary_large_image","twitter_misc":{"Gesch\u00e4tzte Lesezeit":"1 Minute"},"schema":{"@context":"https:\/\/schema.org","@graph":[{"@type":"WebPage","@id":"https:\/\/www.laresidenceduparc.fr\/de\/dienstleistungen-ausstattung\/","url":"https:\/\/www.laresidenceduparc.fr\/de\/dienstleistungen-ausstattung\/","name":"Appart hotel Val d'Europe - Nos services h\u00f4teliers | R\u00e9sidence du Parc","isPartOf":{"@id":"https:\/\/www.laresidenceduparc.fr\/de\/#website"},"datePublished":"2024-05-21T12:14:04+00:00","dateModified":"2025-05-28T14:19:52+00:00","description":"D\u00e9couvrez les services de La R\u00e9sidence du Parc, apparthotel \u00e0 Val d'Europe et proche de Disneyland\u00ae: piscine ext\u00e9rieure, petit-d\u00e9jeuner, billetterie, parking","breadcrumb":{"@id":"https:\/\/www.laresidenceduparc.fr\/de\/dienstleistungen-ausstattung\/#breadcrumb"},"inLanguage":"de-DE","potentialAction":[{"@type":"ReadAction","target":["https:\/\/www.laresidenceduparc.fr\/de\/dienstleistungen-ausstattung\/"]}]},{"@type":"BreadcrumbList","@id":"https:\/\/www.laresidenceduparc.fr\/de\/dienstleistungen-ausstattung\/#breadcrumb","itemListElement":[{"@type":"ListItem","position":1,"name":"Home","item":"https:\/\/www.laresidenceduparc.fr\/de\/"},{"@type":"ListItem","position":2,"name":"Dienstleistungen &amp; Ausstattung"}]},{"@type":"WebSite","@id":"https:\/\/www.laresidenceduparc.fr\/de\/#website","url":"https:\/\/www.laresidenceduparc.fr\/de\/","name":"R\u00e9sidence du Parc","description":"","potentialAction":[{"@type":"SearchAction","target":{"@type":"EntryPoint","urlTemplate":"https:\/\/www.laresidenceduparc.fr\/de\/?s={search_term_string}"},"query-input":"required name=search_term_string"}],"inLanguage":"de-DE"}]}},"acf":[],"_links":{"self":[{"href":"https:\/\/www.laresidenceduparc.fr\/de\/wp-json\/wp\/v2\/pages\/519"}],"collection":[{"href":"https:\/\/www.laresidenceduparc.fr\/de\/wp-json\/wp\/v2\/pages"}],"about":[{"href":"https:\/\/www.laresidenceduparc.fr\/de\/wp-json\/wp\/v2\/types\/page"}],"author":[{"embeddable":true,"href":"https:\/\/www.laresidenceduparc.fr\/de\/wp-json\/wp\/v2\/users\/27"}],"replies":[{"embeddable":true,"href":"https:\/\/www.laresidenceduparc.fr\/de\/wp-json\/wp\/v2\/comments?post=519"}],"version-history":[{"count":0,"href":"https:\/\/www.laresidenceduparc.fr\/de\/wp-json\/wp\/v2\/pages\/519\/revisions"}],"wp:attachment":[{"href":"https:\/\/www.laresidenceduparc.fr\/de\/wp-json\/wp\/v2\/media?parent=519"}],"curies":[{"name":"wp","href":"https:\/\/api.w.org\/{rel}","templated":true}]}}