{"id":523,"date":"2024-05-21T13:18:50","date_gmt":"2024-05-21T13:18:50","guid":{"rendered":"https:\/\/www.laresidenceduparc.fr\/dienstleistungen-ausstattung\/piscine-exterieure\/"},"modified":"2025-05-28T14:28:36","modified_gmt":"2025-05-28T14:28:36","slug":"aussenpool","status":"publish","type":"page","link":"https:\/\/www.laresidenceduparc.fr\/de\/dienstleistungen-ausstattung\/aussenpool\/","title":{"rendered":"Au\u00dfenpool"},"content":{"rendered":"<p style=\"text-align: left;\">Ein Hotel mit beheiztem Au\u00dfenpool, g\u00fcnstig und in der N\u00e4he von Disneyland\u00ae Paris, das ist m\u00f6glich!<\/p>\n<p style=\"text-align: left;\">In der R\u00e9sidence du Parc Val d\u2019Europe k\u00f6nnen Sie von Juni bis September (je nach Wetterlage) entspannende Momente mit Freunden oder Familie auf einer Liege am Au\u00dfenpool genie\u00dfen.<\/p>\n<p style=\"text-align: left;\">Umgeben von einem charmanten Garten ist dies der ideale Ort, um sich nach einem sch\u00f6nen Tag in den Disney\u00ae-Parks zu erholen.<\/p>\n<p style=\"text-align: left;\">Die Sicherheit unserer Besucher ist eine unserer Hauptsorgen, deshalb achten wir auf die Einhaltung der Sicherheitsvorschriften und auf die Sauberkeit unseres Pools. So k\u00f6nnen Sie mit ruhigem Gewissen schwimmen und die Kinder unter Ihrer Aufsicht spielen lassen.<\/p>\n<p style=\"text-align: left;\">Die Nutzung des Pools ist ausschlie\u00dflich den G\u00e4sten des Appart\u2019hotels R\u00e9sidence du Parc Val d\u2019Europe vorbehalten.<\/p>\n<p style=\"text-align: left;\"><strong>T\u00e4glich von 10 bis 21 Uhr, von Juni bis September<\/strong><\/p>\n","protected":false},"excerpt":{"rendered":"<p>Ein Hotel mit beheiztem Au\u00dfenpool, g\u00fcnstig und in der N\u00e4he von Disneyland\u00ae Paris, das ist m\u00f6glich! In der R\u00e9sidence du Parc Val d\u2019Europe k\u00f6nnen Sie von Juni bis September (je nach Wetterlage) entspannende Momente mit Freunden oder Familie auf einer Liege am Au\u00dfenpool genie\u00dfen. Umgeben von einem charmanten Garten ist dies der ideale Ort, um [&hellip;]<\/p>\n","protected":false},"author":27,"featured_media":0,"parent":519,"menu_order":0,"comment_status":"closed","ping_status":"closed","template":"template-single-service.php","meta":{"footnotes":""},"class_list":["post-523","page","type-page","status-publish","hentry"],"yoast_head":"<!-- This site is optimized with the Yoast SEO plugin v27.3 - https:\/\/yoast.com\/product\/yoast-seo-wordpress\/ -->\n<title>Piscine ext\u00e9rieure \/ R\u00e9sidence du Parc Val d&#039;Europe<\/title>\n<meta name=\"description\" content=\"Ressourcez-vous en famille ou entre amis dans la piscine ext\u00e9rieure entour\u00e9e d&#039;un cadre verdoyant de la R\u00e9sidence du Parc Val d&#039;Europe, accessible de juin \u00e0 septembre.\" \/>\n<meta name=\"robots\" content=\"index, follow, max-snippet:-1, max-image-preview:large, max-video-preview:-1\" \/>\n<link rel=\"canonical\" href=\"https:\/\/www.laresidenceduparc.fr\/de\/dienstleistungen-ausstattung\/aussenpool\/\" \/>\n<meta property=\"og:locale\" content=\"de_DE\" \/>\n<meta property=\"og:type\" content=\"article\" \/>\n<meta property=\"og:title\" content=\"Piscine ext\u00e9rieure \/ R\u00e9sidence du Parc Val d&#039;Europe\" \/>\n<meta property=\"og:description\" content=\"Ressourcez-vous en famille ou entre amis dans la piscine ext\u00e9rieure entour\u00e9e d&#039;un cadre verdoyant de la R\u00e9sidence du Parc Val d&#039;Europe, accessible de juin \u00e0 septembre.\" \/>\n<meta property=\"og:url\" content=\"https:\/\/www.laresidenceduparc.fr\/de\/dienstleistungen-ausstattung\/aussenpool\/\" \/>\n<meta property=\"og:site_name\" content=\"R\u00e9sidence du Parc\" \/>\n<meta property=\"article:modified_time\" content=\"2025-05-28T14:28:36+00:00\" \/>\n<meta name=\"twitter:card\" content=\"summary_large_image\" \/>\n<meta name=\"twitter:label1\" content=\"Gesch\u00e4tzte Lesezeit\" \/>\n\t<meta name=\"twitter:data1\" content=\"1 Minute\" \/>\n<script type=\"application\/ld+json\" class=\"yoast-schema-graph\">{\"@context\":\"https:\\\/\\\/schema.org\",\"@graph\":[{\"@type\":\"WebPage\",\"@id\":\"https:\\\/\\\/www.laresidenceduparc.fr\\\/de\\\/dienstleistungen-ausstattung\\\/aussenpool\\\/\",\"url\":\"https:\\\/\\\/www.laresidenceduparc.fr\\\/de\\\/dienstleistungen-ausstattung\\\/aussenpool\\\/\",\"name\":\"Piscine ext\u00e9rieure \\\/ R\u00e9sidence du Parc Val d'Europe\",\"isPartOf\":{\"@id\":\"https:\\\/\\\/www.laresidenceduparc.fr\\\/de\\\/#website\"},\"datePublished\":\"2024-05-21T13:18:50+00:00\",\"dateModified\":\"2025-05-28T14:28:36+00:00\",\"description\":\"Ressourcez-vous en famille ou entre amis dans la piscine ext\u00e9rieure entour\u00e9e d'un cadre verdoyant de la R\u00e9sidence du Parc Val d'Europe, accessible de juin \u00e0 septembre.\",\"breadcrumb\":{\"@id\":\"https:\\\/\\\/www.laresidenceduparc.fr\\\/de\\\/dienstleistungen-ausstattung\\\/aussenpool\\\/#breadcrumb\"},\"inLanguage\":\"de-DE\",\"potentialAction\":[{\"@type\":\"ReadAction\",\"target\":[\"https:\\\/\\\/www.laresidenceduparc.fr\\\/de\\\/dienstleistungen-ausstattung\\\/aussenpool\\\/\"]}]},{\"@type\":\"BreadcrumbList\",\"@id\":\"https:\\\/\\\/www.laresidenceduparc.fr\\\/de\\\/dienstleistungen-ausstattung\\\/aussenpool\\\/#breadcrumb\",\"itemListElement\":[{\"@type\":\"ListItem\",\"position\":1,\"name\":\"Home\",\"item\":\"https:\\\/\\\/www.laresidenceduparc.fr\\\/de\\\/\"},{\"@type\":\"ListItem\",\"position\":2,\"name\":\"Dienstleistungen &amp; Ausstattung\",\"item\":\"https:\\\/\\\/www.laresidenceduparc.fr\\\/de\\\/dienstleistungen-ausstattung\\\/\"},{\"@type\":\"ListItem\",\"position\":3,\"name\":\"Au\u00dfenpool\"}]},{\"@type\":\"WebSite\",\"@id\":\"https:\\\/\\\/www.laresidenceduparc.fr\\\/de\\\/#website\",\"url\":\"https:\\\/\\\/www.laresidenceduparc.fr\\\/de\\\/\",\"name\":\"R\u00e9sidence du Parc\",\"description\":\"\",\"potentialAction\":[{\"@type\":\"SearchAction\",\"target\":{\"@type\":\"EntryPoint\",\"urlTemplate\":\"https:\\\/\\\/www.laresidenceduparc.fr\\\/de\\\/?s={search_term_string}\"},\"query-input\":{\"@type\":\"PropertyValueSpecification\",\"valueRequired\":true,\"valueName\":\"search_term_string\"}}],\"inLanguage\":\"de-DE\"}]}<\/script>\n<!-- \/ Yoast SEO plugin. -->","yoast_head_json":{"title":"Piscine ext\u00e9rieure \/ R\u00e9sidence du Parc Val d'Europe","description":"Ressourcez-vous en famille ou entre amis dans la piscine ext\u00e9rieure entour\u00e9e d'un cadre verdoyant de la R\u00e9sidence du Parc Val d'Europe, accessible de juin \u00e0 septembre.","robots":{"index":"index","follow":"follow","max-snippet":"max-snippet:-1","max-image-preview":"max-image-preview:large","max-video-preview":"max-video-preview:-1"},"canonical":"https:\/\/www.laresidenceduparc.fr\/de\/dienstleistungen-ausstattung\/aussenpool\/","og_locale":"de_DE","og_type":"article","og_title":"Piscine ext\u00e9rieure \/ R\u00e9sidence du Parc Val d'Europe","og_description":"Ressourcez-vous en famille ou entre amis dans la piscine ext\u00e9rieure entour\u00e9e d'un cadre verdoyant de la R\u00e9sidence du Parc Val d'Europe, accessible de juin \u00e0 septembre.","og_url":"https:\/\/www.laresidenceduparc.fr\/de\/dienstleistungen-ausstattung\/aussenpool\/","og_site_name":"R\u00e9sidence du Parc","article_modified_time":"2025-05-28T14:28:36+00:00","twitter_card":"summary_large_image","twitter_misc":{"Gesch\u00e4tzte Lesezeit":"1 Minute"},"schema":{"@context":"https:\/\/schema.org","@graph":[{"@type":"WebPage","@id":"https:\/\/www.laresidenceduparc.fr\/de\/dienstleistungen-ausstattung\/aussenpool\/","url":"https:\/\/www.laresidenceduparc.fr\/de\/dienstleistungen-ausstattung\/aussenpool\/","name":"Piscine ext\u00e9rieure \/ R\u00e9sidence du Parc Val d'Europe","isPartOf":{"@id":"https:\/\/www.laresidenceduparc.fr\/de\/#website"},"datePublished":"2024-05-21T13:18:50+00:00","dateModified":"2025-05-28T14:28:36+00:00","description":"Ressourcez-vous en famille ou entre amis dans la piscine ext\u00e9rieure entour\u00e9e d'un cadre verdoyant de la R\u00e9sidence du Parc Val d'Europe, accessible de juin \u00e0 septembre.","breadcrumb":{"@id":"https:\/\/www.laresidenceduparc.fr\/de\/dienstleistungen-ausstattung\/aussenpool\/#breadcrumb"},"inLanguage":"de-DE","potentialAction":[{"@type":"ReadAction","target":["https:\/\/www.laresidenceduparc.fr\/de\/dienstleistungen-ausstattung\/aussenpool\/"]}]},{"@type":"BreadcrumbList","@id":"https:\/\/www.laresidenceduparc.fr\/de\/dienstleistungen-ausstattung\/aussenpool\/#breadcrumb","itemListElement":[{"@type":"ListItem","position":1,"name":"Home","item":"https:\/\/www.laresidenceduparc.fr\/de\/"},{"@type":"ListItem","position":2,"name":"Dienstleistungen &amp; Ausstattung","item":"https:\/\/www.laresidenceduparc.fr\/de\/dienstleistungen-ausstattung\/"},{"@type":"ListItem","position":3,"name":"Au\u00dfenpool"}]},{"@type":"WebSite","@id":"https:\/\/www.laresidenceduparc.fr\/de\/#website","url":"https:\/\/www.laresidenceduparc.fr\/de\/","name":"R\u00e9sidence du Parc","description":"","potentialAction":[{"@type":"SearchAction","target":{"@type":"EntryPoint","urlTemplate":"https:\/\/www.laresidenceduparc.fr\/de\/?s={search_term_string}"},"query-input":{"@type":"PropertyValueSpecification","valueRequired":true,"valueName":"search_term_string"}}],"inLanguage":"de-DE"}]}},"acf":[],"_links":{"self":[{"href":"https:\/\/www.laresidenceduparc.fr\/de\/wp-json\/wp\/v2\/pages\/523","targetHints":{"allow":["GET"]}}],"collection":[{"href":"https:\/\/www.laresidenceduparc.fr\/de\/wp-json\/wp\/v2\/pages"}],"about":[{"href":"https:\/\/www.laresidenceduparc.fr\/de\/wp-json\/wp\/v2\/types\/page"}],"author":[{"embeddable":true,"href":"https:\/\/www.laresidenceduparc.fr\/de\/wp-json\/wp\/v2\/users\/27"}],"replies":[{"embeddable":true,"href":"https:\/\/www.laresidenceduparc.fr\/de\/wp-json\/wp\/v2\/comments?post=523"}],"version-history":[{"count":0,"href":"https:\/\/www.laresidenceduparc.fr\/de\/wp-json\/wp\/v2\/pages\/523\/revisions"}],"up":[{"embeddable":true,"href":"https:\/\/www.laresidenceduparc.fr\/de\/wp-json\/wp\/v2\/pages\/519"}],"wp:attachment":[{"href":"https:\/\/www.laresidenceduparc.fr\/de\/wp-json\/wp\/v2\/media?parent=523"}],"curies":[{"name":"wp","href":"https:\/\/api.w.org\/{rel}","templated":true}]}}