{"id":275,"date":"2024-05-21T13:23:15","date_gmt":"2024-05-21T13:23:15","guid":{"rendered":"https:\/\/residence-du-parc.ms2.decms.eu\/servicios-e-instalaciones\/petit-dejeuner-buffet\/"},"modified":"2024-08-01T14:13:13","modified_gmt":"2024-08-01T14:13:13","slug":"desayuno-buffet","status":"publish","type":"page","link":"https:\/\/www.laresidenceduparc.fr\/es\/servicios-e-instalaciones\/desayuno-buffet\/","title":{"rendered":"Desayuno buffet"},"content":{"rendered":"<p style=\"text-align: center;\">En La Cafet&#8217;, disfrute cada ma\u00f1ana de un sabroso desayuno en un ambiente acogedor. Tanto si se aloja por ocio como por negocios, le espera un desayuno buf\u00e9 que le aportar\u00e1 la energ\u00eda necesaria para una excursi\u00f3n a Disneyland Par\u00eds, su jornada de trabajo o un d\u00eda de compras en el centro comercial Val d&#8217;Europe.<\/p>\n<p>&nbsp;<\/p>\n","protected":false},"excerpt":{"rendered":"<p>En La Cafet&#8217;, disfrute cada ma\u00f1ana de un sabroso desayuno en un ambiente acogedor. Tanto si se aloja por ocio como por negocios, le espera un desayuno buf\u00e9 que le aportar\u00e1 la energ\u00eda necesaria para una excursi\u00f3n a Disneyland Par\u00eds, su jornada de trabajo o un d\u00eda de compras en el centro comercial Val d&#8217;Europe. [&hellip;]<\/p>\n","protected":false},"author":27,"featured_media":0,"parent":273,"menu_order":0,"comment_status":"closed","ping_status":"closed","template":"template-single-service.php","meta":{"footnotes":""},"yoast_head":"<!-- This site is optimized with the Yoast SEO plugin v22.3 - https:\/\/yoast.com\/wordpress\/plugins\/seo\/ -->\n<title>Desayuno \/ r\u00e9sidence du Parc Val d&#039;Europe<\/title>\n<meta name=\"description\" content=\"Disfrute de un desayuno gourmet en la R\u00e9sidence du Parc Val d&#039;Europe. Productos frescos y variados para empezar el d\u00eda cerca de Disneyland Par\u00eds.\" \/>\n<meta name=\"robots\" content=\"index, follow, max-snippet:-1, max-image-preview:large, max-video-preview:-1\" \/>\n<link rel=\"canonical\" href=\"https:\/\/www.laresidenceduparc.fr\/es\/servicios-e-instalaciones\/desayuno-buffet\/\" \/>\n<meta property=\"og:locale\" content=\"es_ES\" \/>\n<meta property=\"og:type\" content=\"article\" \/>\n<meta property=\"og:title\" content=\"Desayuno \/ r\u00e9sidence du Parc Val d&#039;Europe\" \/>\n<meta property=\"og:description\" content=\"Disfrute de un desayuno gourmet en la R\u00e9sidence du Parc Val d&#039;Europe. Productos frescos y variados para empezar el d\u00eda cerca de Disneyland Par\u00eds.\" \/>\n<meta property=\"og:url\" content=\"https:\/\/www.laresidenceduparc.fr\/es\/servicios-e-instalaciones\/desayuno-buffet\/\" \/>\n<meta property=\"og:site_name\" content=\"R\u00e9sidence du Parc\" \/>\n<meta property=\"article:modified_time\" content=\"2024-08-01T14:13:13+00:00\" \/>\n<meta name=\"twitter:card\" content=\"summary_large_image\" \/>\n<meta name=\"twitter:label1\" content=\"Tiempo de lectura\" \/>\n\t<meta name=\"twitter:data1\" content=\"1 minuto\" \/>\n<script type=\"application\/ld+json\" class=\"yoast-schema-graph\">{\"@context\":\"https:\/\/schema.org\",\"@graph\":[{\"@type\":\"WebPage\",\"@id\":\"https:\/\/www.laresidenceduparc.fr\/es\/servicios-e-instalaciones\/desayuno-buffet\/\",\"url\":\"https:\/\/www.laresidenceduparc.fr\/es\/servicios-e-instalaciones\/desayuno-buffet\/\",\"name\":\"Desayuno \/ r\u00e9sidence du Parc Val d'Europe\",\"isPartOf\":{\"@id\":\"https:\/\/www.laresidenceduparc.fr\/es\/#website\"},\"datePublished\":\"2024-05-21T13:23:15+00:00\",\"dateModified\":\"2024-08-01T14:13:13+00:00\",\"description\":\"Disfrute de un desayuno gourmet en la R\u00e9sidence du Parc Val d'Europe. Productos frescos y variados para empezar el d\u00eda cerca de Disneyland Par\u00eds.\",\"breadcrumb\":{\"@id\":\"https:\/\/www.laresidenceduparc.fr\/es\/servicios-e-instalaciones\/desayuno-buffet\/#breadcrumb\"},\"inLanguage\":\"es\",\"potentialAction\":[{\"@type\":\"ReadAction\",\"target\":[\"https:\/\/www.laresidenceduparc.fr\/es\/servicios-e-instalaciones\/desayuno-buffet\/\"]}]},{\"@type\":\"BreadcrumbList\",\"@id\":\"https:\/\/www.laresidenceduparc.fr\/es\/servicios-e-instalaciones\/desayuno-buffet\/#breadcrumb\",\"itemListElement\":[{\"@type\":\"ListItem\",\"position\":1,\"name\":\"Home\",\"item\":\"https:\/\/www.laresidenceduparc.fr\/es\/\"},{\"@type\":\"ListItem\",\"position\":2,\"name\":\"Servicios e instalaciones\",\"item\":\"https:\/\/www.laresidenceduparc.fr\/es\/servicios-e-instalaciones\/\"},{\"@type\":\"ListItem\",\"position\":3,\"name\":\"Desayuno buffet\"}]},{\"@type\":\"WebSite\",\"@id\":\"https:\/\/www.laresidenceduparc.fr\/es\/#website\",\"url\":\"https:\/\/www.laresidenceduparc.fr\/es\/\",\"name\":\"R\u00e9sidence du Parc\",\"description\":\"\",\"potentialAction\":[{\"@type\":\"SearchAction\",\"target\":{\"@type\":\"EntryPoint\",\"urlTemplate\":\"https:\/\/www.laresidenceduparc.fr\/es\/?s={search_term_string}\"},\"query-input\":\"required name=search_term_string\"}],\"inLanguage\":\"es\"}]}<\/script>\n<!-- \/ Yoast SEO plugin. -->","yoast_head_json":{"title":"Desayuno \/ r\u00e9sidence du Parc Val d'Europe","description":"Disfrute de un desayuno gourmet en la R\u00e9sidence du Parc Val d'Europe. Productos frescos y variados para empezar el d\u00eda cerca de Disneyland Par\u00eds.","robots":{"index":"index","follow":"follow","max-snippet":"max-snippet:-1","max-image-preview":"max-image-preview:large","max-video-preview":"max-video-preview:-1"},"canonical":"https:\/\/www.laresidenceduparc.fr\/es\/servicios-e-instalaciones\/desayuno-buffet\/","og_locale":"es_ES","og_type":"article","og_title":"Desayuno \/ r\u00e9sidence du Parc Val d'Europe","og_description":"Disfrute de un desayuno gourmet en la R\u00e9sidence du Parc Val d'Europe. Productos frescos y variados para empezar el d\u00eda cerca de Disneyland Par\u00eds.","og_url":"https:\/\/www.laresidenceduparc.fr\/es\/servicios-e-instalaciones\/desayuno-buffet\/","og_site_name":"R\u00e9sidence du Parc","article_modified_time":"2024-08-01T14:13:13+00:00","twitter_card":"summary_large_image","twitter_misc":{"Tiempo de lectura":"1 minuto"},"schema":{"@context":"https:\/\/schema.org","@graph":[{"@type":"WebPage","@id":"https:\/\/www.laresidenceduparc.fr\/es\/servicios-e-instalaciones\/desayuno-buffet\/","url":"https:\/\/www.laresidenceduparc.fr\/es\/servicios-e-instalaciones\/desayuno-buffet\/","name":"Desayuno \/ r\u00e9sidence du Parc Val d'Europe","isPartOf":{"@id":"https:\/\/www.laresidenceduparc.fr\/es\/#website"},"datePublished":"2024-05-21T13:23:15+00:00","dateModified":"2024-08-01T14:13:13+00:00","description":"Disfrute de un desayuno gourmet en la R\u00e9sidence du Parc Val d'Europe. Productos frescos y variados para empezar el d\u00eda cerca de Disneyland Par\u00eds.","breadcrumb":{"@id":"https:\/\/www.laresidenceduparc.fr\/es\/servicios-e-instalaciones\/desayuno-buffet\/#breadcrumb"},"inLanguage":"es","potentialAction":[{"@type":"ReadAction","target":["https:\/\/www.laresidenceduparc.fr\/es\/servicios-e-instalaciones\/desayuno-buffet\/"]}]},{"@type":"BreadcrumbList","@id":"https:\/\/www.laresidenceduparc.fr\/es\/servicios-e-instalaciones\/desayuno-buffet\/#breadcrumb","itemListElement":[{"@type":"ListItem","position":1,"name":"Home","item":"https:\/\/www.laresidenceduparc.fr\/es\/"},{"@type":"ListItem","position":2,"name":"Servicios e instalaciones","item":"https:\/\/www.laresidenceduparc.fr\/es\/servicios-e-instalaciones\/"},{"@type":"ListItem","position":3,"name":"Desayuno buffet"}]},{"@type":"WebSite","@id":"https:\/\/www.laresidenceduparc.fr\/es\/#website","url":"https:\/\/www.laresidenceduparc.fr\/es\/","name":"R\u00e9sidence du Parc","description":"","potentialAction":[{"@type":"SearchAction","target":{"@type":"EntryPoint","urlTemplate":"https:\/\/www.laresidenceduparc.fr\/es\/?s={search_term_string}"},"query-input":"required name=search_term_string"}],"inLanguage":"es"}]}},"acf":[],"_links":{"self":[{"href":"https:\/\/www.laresidenceduparc.fr\/es\/wp-json\/wp\/v2\/pages\/275"}],"collection":[{"href":"https:\/\/www.laresidenceduparc.fr\/es\/wp-json\/wp\/v2\/pages"}],"about":[{"href":"https:\/\/www.laresidenceduparc.fr\/es\/wp-json\/wp\/v2\/types\/page"}],"author":[{"embeddable":true,"href":"https:\/\/www.laresidenceduparc.fr\/es\/wp-json\/wp\/v2\/users\/27"}],"replies":[{"embeddable":true,"href":"https:\/\/www.laresidenceduparc.fr\/es\/wp-json\/wp\/v2\/comments?post=275"}],"version-history":[{"count":0,"href":"https:\/\/www.laresidenceduparc.fr\/es\/wp-json\/wp\/v2\/pages\/275\/revisions"}],"up":[{"embeddable":true,"href":"https:\/\/www.laresidenceduparc.fr\/es\/wp-json\/wp\/v2\/pages\/273"}],"wp:attachment":[{"href":"https:\/\/www.laresidenceduparc.fr\/es\/wp-json\/wp\/v2\/media?parent=275"}],"curies":[{"name":"wp","href":"https:\/\/api.w.org\/{rel}","templated":true}]}}