{"id":279,"date":"2024-05-22T10:01:38","date_gmt":"2024-05-22T10:01:38","guid":{"rendered":"https:\/\/residence-du-parc.ms2.decms.eu\/reunions-seminaires\/"},"modified":"2024-08-29T07:37:46","modified_gmt":"2024-08-29T07:37:46","slug":"reuniones-seminarios","status":"publish","type":"page","link":"https:\/\/www.laresidenceduparc.fr\/es\/residence-du-parc\/reuniones-seminarios\/","title":{"rendered":"Reuniones &#038; Seminarios"},"content":{"rendered":"<p>Organice sus reuniones, cursos de formaci\u00f3n o conferencias en nuestro <strong>apartahotel de 3 estrellas<\/strong>, idealmente situado<strong> cerca de Disneyland Par\u00eds\u00ae y Val d&#8217;Europe<\/strong>. Aproveche nuestras modernas salas de seminarios totalmente equipadas para celebrar con \u00e9xito sus eventos de negocios.<\/p>\n<p>La R\u00e9sidence du Parc Val d&#8217;Europe le ofrece el alquiler de salas solo, con opci\u00f3n de catering o combinado con su alojamiento. Para una experiencia completa y pr\u00e1ctica durante su seminario de empresa en Disneyland\u00ae Paris.<\/p>\n","protected":false},"excerpt":{"rendered":"<p>Organice sus reuniones, cursos de formaci\u00f3n o conferencias en nuestro apartahotel de 3 estrellas, idealmente situado cerca de Disneyland Par\u00eds\u00ae y Val d&#8217;Europe. Aproveche nuestras modernas salas de seminarios totalmente equipadas para celebrar con \u00e9xito sus eventos de negocios. La R\u00e9sidence du Parc Val d&#8217;Europe le ofrece el alquiler de salas solo, con opci\u00f3n de [&hellip;]<\/p>\n","protected":false},"author":27,"featured_media":0,"parent":263,"menu_order":0,"comment_status":"closed","ping_status":"closed","template":"template-meeting.php","meta":{"footnotes":""},"yoast_head":"<!-- This site is optimized with the Yoast SEO plugin v22.3 - https:\/\/yoast.com\/wordpress\/plugins\/seo\/ -->\n<title>Aparthotel Disneyland\u00ae - Seminario y Reunion | R\u00e9sidence du Parc<\/title>\n<meta name=\"description\" content=\"Para sus eventos y reuniones de negocios, el aparthotel R\u00e9sidence du Parc en Val d&#039;Europe, cerca de Disneyland\u00ae, ofrece salas de reuniones con capacidad hasta 70 personas\" \/>\n<meta name=\"robots\" content=\"index, follow, max-snippet:-1, max-image-preview:large, max-video-preview:-1\" \/>\n<link rel=\"canonical\" href=\"https:\/\/www.laresidenceduparc.fr\/es\/residence-du-parc\/reuniones-seminarios\/\" \/>\n<meta property=\"og:locale\" content=\"es_ES\" \/>\n<meta property=\"og:type\" content=\"article\" \/>\n<meta property=\"og:title\" content=\"Aparthotel Disneyland\u00ae - Seminario y Reunion | R\u00e9sidence du Parc\" \/>\n<meta property=\"og:description\" content=\"Para sus eventos y reuniones de negocios, el aparthotel R\u00e9sidence du Parc en Val d&#039;Europe, cerca de Disneyland\u00ae, ofrece salas de reuniones con capacidad hasta 70 personas\" \/>\n<meta property=\"og:url\" content=\"https:\/\/www.laresidenceduparc.fr\/es\/residence-du-parc\/reuniones-seminarios\/\" \/>\n<meta property=\"og:site_name\" content=\"R\u00e9sidence du Parc\" \/>\n<meta property=\"article:modified_time\" content=\"2024-08-29T07:37:46+00:00\" \/>\n<meta name=\"twitter:card\" content=\"summary_large_image\" \/>\n<meta name=\"twitter:label1\" content=\"Tiempo de lectura\" \/>\n\t<meta name=\"twitter:data1\" content=\"1 minuto\" \/>\n<script type=\"application\/ld+json\" class=\"yoast-schema-graph\">{\"@context\":\"https:\/\/schema.org\",\"@graph\":[{\"@type\":\"WebPage\",\"@id\":\"https:\/\/www.laresidenceduparc.fr\/es\/residence-du-parc\/reuniones-seminarios\/\",\"url\":\"https:\/\/www.laresidenceduparc.fr\/es\/residence-du-parc\/reuniones-seminarios\/\",\"name\":\"Aparthotel Disneyland\u00ae - Seminario y Reunion | R\u00e9sidence du Parc\",\"isPartOf\":{\"@id\":\"https:\/\/www.laresidenceduparc.fr\/es\/#website\"},\"datePublished\":\"2024-05-22T10:01:38+00:00\",\"dateModified\":\"2024-08-29T07:37:46+00:00\",\"description\":\"Para sus eventos y reuniones de negocios, el aparthotel R\u00e9sidence du Parc en Val d'Europe, cerca de Disneyland\u00ae, ofrece salas de reuniones con capacidad hasta 70 personas\",\"breadcrumb\":{\"@id\":\"https:\/\/www.laresidenceduparc.fr\/es\/residence-du-parc\/reuniones-seminarios\/#breadcrumb\"},\"inLanguage\":\"es\",\"potentialAction\":[{\"@type\":\"ReadAction\",\"target\":[\"https:\/\/www.laresidenceduparc.fr\/es\/residence-du-parc\/reuniones-seminarios\/\"]}]},{\"@type\":\"BreadcrumbList\",\"@id\":\"https:\/\/www.laresidenceduparc.fr\/es\/residence-du-parc\/reuniones-seminarios\/#breadcrumb\",\"itemListElement\":[{\"@type\":\"ListItem\",\"position\":1,\"name\":\"Home\",\"item\":\"https:\/\/www.laresidenceduparc.fr\/es\/\"},{\"@type\":\"ListItem\",\"position\":2,\"name\":\"Reuniones &#038; Seminarios\"}]},{\"@type\":\"WebSite\",\"@id\":\"https:\/\/www.laresidenceduparc.fr\/es\/#website\",\"url\":\"https:\/\/www.laresidenceduparc.fr\/es\/\",\"name\":\"R\u00e9sidence du Parc\",\"description\":\"\",\"potentialAction\":[{\"@type\":\"SearchAction\",\"target\":{\"@type\":\"EntryPoint\",\"urlTemplate\":\"https:\/\/www.laresidenceduparc.fr\/es\/?s={search_term_string}\"},\"query-input\":\"required name=search_term_string\"}],\"inLanguage\":\"es\"}]}<\/script>\n<!-- \/ Yoast SEO plugin. -->","yoast_head_json":{"title":"Aparthotel Disneyland\u00ae - Seminario y Reunion | R\u00e9sidence du Parc","description":"Para sus eventos y reuniones de negocios, el aparthotel R\u00e9sidence du Parc en Val d'Europe, cerca de Disneyland\u00ae, ofrece salas de reuniones con capacidad hasta 70 personas","robots":{"index":"index","follow":"follow","max-snippet":"max-snippet:-1","max-image-preview":"max-image-preview:large","max-video-preview":"max-video-preview:-1"},"canonical":"https:\/\/www.laresidenceduparc.fr\/es\/residence-du-parc\/reuniones-seminarios\/","og_locale":"es_ES","og_type":"article","og_title":"Aparthotel Disneyland\u00ae - Seminario y Reunion | R\u00e9sidence du Parc","og_description":"Para sus eventos y reuniones de negocios, el aparthotel R\u00e9sidence du Parc en Val d'Europe, cerca de Disneyland\u00ae, ofrece salas de reuniones con capacidad hasta 70 personas","og_url":"https:\/\/www.laresidenceduparc.fr\/es\/residence-du-parc\/reuniones-seminarios\/","og_site_name":"R\u00e9sidence du Parc","article_modified_time":"2024-08-29T07:37:46+00:00","twitter_card":"summary_large_image","twitter_misc":{"Tiempo de lectura":"1 minuto"},"schema":{"@context":"https:\/\/schema.org","@graph":[{"@type":"WebPage","@id":"https:\/\/www.laresidenceduparc.fr\/es\/residence-du-parc\/reuniones-seminarios\/","url":"https:\/\/www.laresidenceduparc.fr\/es\/residence-du-parc\/reuniones-seminarios\/","name":"Aparthotel Disneyland\u00ae - Seminario y Reunion | R\u00e9sidence du Parc","isPartOf":{"@id":"https:\/\/www.laresidenceduparc.fr\/es\/#website"},"datePublished":"2024-05-22T10:01:38+00:00","dateModified":"2024-08-29T07:37:46+00:00","description":"Para sus eventos y reuniones de negocios, el aparthotel R\u00e9sidence du Parc en Val d'Europe, cerca de Disneyland\u00ae, ofrece salas de reuniones con capacidad hasta 70 personas","breadcrumb":{"@id":"https:\/\/www.laresidenceduparc.fr\/es\/residence-du-parc\/reuniones-seminarios\/#breadcrumb"},"inLanguage":"es","potentialAction":[{"@type":"ReadAction","target":["https:\/\/www.laresidenceduparc.fr\/es\/residence-du-parc\/reuniones-seminarios\/"]}]},{"@type":"BreadcrumbList","@id":"https:\/\/www.laresidenceduparc.fr\/es\/residence-du-parc\/reuniones-seminarios\/#breadcrumb","itemListElement":[{"@type":"ListItem","position":1,"name":"Home","item":"https:\/\/www.laresidenceduparc.fr\/es\/"},{"@type":"ListItem","position":2,"name":"Reuniones &#038; Seminarios"}]},{"@type":"WebSite","@id":"https:\/\/www.laresidenceduparc.fr\/es\/#website","url":"https:\/\/www.laresidenceduparc.fr\/es\/","name":"R\u00e9sidence du Parc","description":"","potentialAction":[{"@type":"SearchAction","target":{"@type":"EntryPoint","urlTemplate":"https:\/\/www.laresidenceduparc.fr\/es\/?s={search_term_string}"},"query-input":"required name=search_term_string"}],"inLanguage":"es"}]}},"acf":[],"_links":{"self":[{"href":"https:\/\/www.laresidenceduparc.fr\/es\/wp-json\/wp\/v2\/pages\/279"}],"collection":[{"href":"https:\/\/www.laresidenceduparc.fr\/es\/wp-json\/wp\/v2\/pages"}],"about":[{"href":"https:\/\/www.laresidenceduparc.fr\/es\/wp-json\/wp\/v2\/types\/page"}],"author":[{"embeddable":true,"href":"https:\/\/www.laresidenceduparc.fr\/es\/wp-json\/wp\/v2\/users\/27"}],"replies":[{"embeddable":true,"href":"https:\/\/www.laresidenceduparc.fr\/es\/wp-json\/wp\/v2\/comments?post=279"}],"version-history":[{"count":0,"href":"https:\/\/www.laresidenceduparc.fr\/es\/wp-json\/wp\/v2\/pages\/279\/revisions"}],"up":[{"embeddable":true,"href":"https:\/\/www.laresidenceduparc.fr\/es\/wp-json\/wp\/v2\/pages\/263"}],"wp:attachment":[{"href":"https:\/\/www.laresidenceduparc.fr\/es\/wp-json\/wp\/v2\/media?parent=279"}],"curies":[{"name":"wp","href":"https:\/\/api.w.org\/{rel}","templated":true}]}}