{"id":283,"date":"2024-05-22T13:56:58","date_gmt":"2024-05-22T13:56:58","guid":{"rendered":"https:\/\/residence-du-parc.ms2.decms.eu\/alentours\/"},"modified":"2024-08-01T14:30:04","modified_gmt":"2024-08-01T14:30:04","slug":"alrededores","status":"publish","type":"page","link":"https:\/\/www.laresidenceduparc.fr\/es\/alrededores\/","title":{"rendered":"Alrededores"},"content":{"rendered":"<p>Explore los alrededores de La R\u00e9sidence du Parc Val d&#8217;Europe, situada en un barrio din\u00e1mico con acceso privilegiado a Disneyland\u00ae Par\u00eds, el centro comercial Val d&#8217;Europe y Vall\u00e9e Village y sus numerosas tiendas y restaurantes.<\/p>\n<p>Tambi\u00e9n podr\u00e1 descubrir los parques verdes de los alrededores, donde podr\u00e1 pasar momentos de relax al aire libre.<\/p>\n<p>Aproveche la proximidad de los transportes p\u00fablicos, con el autob\u00fas urbano al pie de la residencia, para descubrir f\u00e1cilmente los lugares de inter\u00e9s de los alrededores.<\/p>\n<p>Gracias a su c\u00e9ntrica ubicaci\u00f3n, nuestro establecimiento es la base ideal para explorar esta animada regi\u00f3n.<\/p>\n","protected":false},"excerpt":{"rendered":"<p>Explore los alrededores de La R\u00e9sidence du Parc Val d&#8217;Europe, situada en un barrio din\u00e1mico con acceso privilegiado a Disneyland\u00ae Par\u00eds, el centro comercial Val d&#8217;Europe y Vall\u00e9e Village y sus numerosas tiendas y restaurantes. Tambi\u00e9n podr\u00e1 descubrir los parques verdes de los alrededores, donde podr\u00e1 pasar momentos de relax al aire libre. Aproveche la [&hellip;]<\/p>\n","protected":false},"author":27,"featured_media":0,"parent":0,"menu_order":0,"comment_status":"closed","ping_status":"closed","template":"template-surroundings.php","meta":{"footnotes":""},"class_list":["post-283","page","type-page","status-publish","hentry"],"yoast_head":"<!-- This site is optimized with the Yoast SEO plugin v27.3 - https:\/\/yoast.com\/product\/yoast-seo-wordpress\/ -->\n<title>Aparthotel Disneyland\u00ae - Alojamiento Eurodisney | R\u00e9sidence du Parc<\/title>\n<meta name=\"description\" content=\"Aproveche las numerosas actividades disponibles cerca del aparthotel R\u00e9sidence du Parc: Disneyland\u00ae Par\u00eds, centro comercial Val d&#039;Europe, Parcours Aquatonic, etc.\" \/>\n<meta name=\"robots\" content=\"index, follow, max-snippet:-1, max-image-preview:large, max-video-preview:-1\" \/>\n<link rel=\"canonical\" href=\"https:\/\/www.laresidenceduparc.fr\/es\/alrededores\/\" \/>\n<meta property=\"og:locale\" content=\"es_ES\" \/>\n<meta property=\"og:type\" content=\"article\" \/>\n<meta property=\"og:title\" content=\"Aparthotel Disneyland\u00ae - Alojamiento Eurodisney | R\u00e9sidence du Parc\" \/>\n<meta property=\"og:description\" content=\"Aproveche las numerosas actividades disponibles cerca del aparthotel R\u00e9sidence du Parc: Disneyland\u00ae Par\u00eds, centro comercial Val d&#039;Europe, Parcours Aquatonic, etc.\" \/>\n<meta property=\"og:url\" content=\"https:\/\/www.laresidenceduparc.fr\/es\/alrededores\/\" \/>\n<meta property=\"og:site_name\" content=\"R\u00e9sidence du Parc\" \/>\n<meta property=\"article:modified_time\" content=\"2024-08-01T14:30:04+00:00\" \/>\n<meta name=\"twitter:card\" content=\"summary_large_image\" \/>\n<meta name=\"twitter:label1\" content=\"Tiempo de lectura\" \/>\n\t<meta name=\"twitter:data1\" content=\"1 minuto\" \/>\n<script type=\"application\/ld+json\" class=\"yoast-schema-graph\">{\"@context\":\"https:\\\/\\\/schema.org\",\"@graph\":[{\"@type\":\"WebPage\",\"@id\":\"https:\\\/\\\/www.laresidenceduparc.fr\\\/es\\\/alrededores\\\/\",\"url\":\"https:\\\/\\\/www.laresidenceduparc.fr\\\/es\\\/alrededores\\\/\",\"name\":\"Aparthotel Disneyland\u00ae - Alojamiento Eurodisney | R\u00e9sidence du Parc\",\"isPartOf\":{\"@id\":\"https:\\\/\\\/www.laresidenceduparc.fr\\\/es\\\/#website\"},\"datePublished\":\"2024-05-22T13:56:58+00:00\",\"dateModified\":\"2024-08-01T14:30:04+00:00\",\"description\":\"Aproveche las numerosas actividades disponibles cerca del aparthotel R\u00e9sidence du Parc: Disneyland\u00ae Par\u00eds, centro comercial Val d'Europe, Parcours Aquatonic, etc.\",\"breadcrumb\":{\"@id\":\"https:\\\/\\\/www.laresidenceduparc.fr\\\/es\\\/alrededores\\\/#breadcrumb\"},\"inLanguage\":\"es\",\"potentialAction\":[{\"@type\":\"ReadAction\",\"target\":[\"https:\\\/\\\/www.laresidenceduparc.fr\\\/es\\\/alrededores\\\/\"]}]},{\"@type\":\"BreadcrumbList\",\"@id\":\"https:\\\/\\\/www.laresidenceduparc.fr\\\/es\\\/alrededores\\\/#breadcrumb\",\"itemListElement\":[{\"@type\":\"ListItem\",\"position\":1,\"name\":\"Home\",\"item\":\"https:\\\/\\\/www.laresidenceduparc.fr\\\/es\\\/\"},{\"@type\":\"ListItem\",\"position\":2,\"name\":\"Alrededores\"}]},{\"@type\":\"WebSite\",\"@id\":\"https:\\\/\\\/www.laresidenceduparc.fr\\\/es\\\/#website\",\"url\":\"https:\\\/\\\/www.laresidenceduparc.fr\\\/es\\\/\",\"name\":\"R\u00e9sidence du Parc\",\"description\":\"\",\"potentialAction\":[{\"@type\":\"SearchAction\",\"target\":{\"@type\":\"EntryPoint\",\"urlTemplate\":\"https:\\\/\\\/www.laresidenceduparc.fr\\\/es\\\/?s={search_term_string}\"},\"query-input\":{\"@type\":\"PropertyValueSpecification\",\"valueRequired\":true,\"valueName\":\"search_term_string\"}}],\"inLanguage\":\"es\"}]}<\/script>\n<!-- \/ Yoast SEO plugin. -->","yoast_head_json":{"title":"Aparthotel Disneyland\u00ae - Alojamiento Eurodisney | R\u00e9sidence du Parc","description":"Aproveche las numerosas actividades disponibles cerca del aparthotel R\u00e9sidence du Parc: Disneyland\u00ae Par\u00eds, centro comercial Val d'Europe, Parcours Aquatonic, etc.","robots":{"index":"index","follow":"follow","max-snippet":"max-snippet:-1","max-image-preview":"max-image-preview:large","max-video-preview":"max-video-preview:-1"},"canonical":"https:\/\/www.laresidenceduparc.fr\/es\/alrededores\/","og_locale":"es_ES","og_type":"article","og_title":"Aparthotel Disneyland\u00ae - Alojamiento Eurodisney | R\u00e9sidence du Parc","og_description":"Aproveche las numerosas actividades disponibles cerca del aparthotel R\u00e9sidence du Parc: Disneyland\u00ae Par\u00eds, centro comercial Val d'Europe, Parcours Aquatonic, etc.","og_url":"https:\/\/www.laresidenceduparc.fr\/es\/alrededores\/","og_site_name":"R\u00e9sidence du Parc","article_modified_time":"2024-08-01T14:30:04+00:00","twitter_card":"summary_large_image","twitter_misc":{"Tiempo de lectura":"1 minuto"},"schema":{"@context":"https:\/\/schema.org","@graph":[{"@type":"WebPage","@id":"https:\/\/www.laresidenceduparc.fr\/es\/alrededores\/","url":"https:\/\/www.laresidenceduparc.fr\/es\/alrededores\/","name":"Aparthotel Disneyland\u00ae - Alojamiento Eurodisney | R\u00e9sidence du Parc","isPartOf":{"@id":"https:\/\/www.laresidenceduparc.fr\/es\/#website"},"datePublished":"2024-05-22T13:56:58+00:00","dateModified":"2024-08-01T14:30:04+00:00","description":"Aproveche las numerosas actividades disponibles cerca del aparthotel R\u00e9sidence du Parc: Disneyland\u00ae Par\u00eds, centro comercial Val d'Europe, Parcours Aquatonic, etc.","breadcrumb":{"@id":"https:\/\/www.laresidenceduparc.fr\/es\/alrededores\/#breadcrumb"},"inLanguage":"es","potentialAction":[{"@type":"ReadAction","target":["https:\/\/www.laresidenceduparc.fr\/es\/alrededores\/"]}]},{"@type":"BreadcrumbList","@id":"https:\/\/www.laresidenceduparc.fr\/es\/alrededores\/#breadcrumb","itemListElement":[{"@type":"ListItem","position":1,"name":"Home","item":"https:\/\/www.laresidenceduparc.fr\/es\/"},{"@type":"ListItem","position":2,"name":"Alrededores"}]},{"@type":"WebSite","@id":"https:\/\/www.laresidenceduparc.fr\/es\/#website","url":"https:\/\/www.laresidenceduparc.fr\/es\/","name":"R\u00e9sidence du Parc","description":"","potentialAction":[{"@type":"SearchAction","target":{"@type":"EntryPoint","urlTemplate":"https:\/\/www.laresidenceduparc.fr\/es\/?s={search_term_string}"},"query-input":{"@type":"PropertyValueSpecification","valueRequired":true,"valueName":"search_term_string"}}],"inLanguage":"es"}]}},"acf":[],"_links":{"self":[{"href":"https:\/\/www.laresidenceduparc.fr\/es\/wp-json\/wp\/v2\/pages\/283","targetHints":{"allow":["GET"]}}],"collection":[{"href":"https:\/\/www.laresidenceduparc.fr\/es\/wp-json\/wp\/v2\/pages"}],"about":[{"href":"https:\/\/www.laresidenceduparc.fr\/es\/wp-json\/wp\/v2\/types\/page"}],"author":[{"embeddable":true,"href":"https:\/\/www.laresidenceduparc.fr\/es\/wp-json\/wp\/v2\/users\/27"}],"replies":[{"embeddable":true,"href":"https:\/\/www.laresidenceduparc.fr\/es\/wp-json\/wp\/v2\/comments?post=283"}],"version-history":[{"count":0,"href":"https:\/\/www.laresidenceduparc.fr\/es\/wp-json\/wp\/v2\/pages\/283\/revisions"}],"wp:attachment":[{"href":"https:\/\/www.laresidenceduparc.fr\/es\/wp-json\/wp\/v2\/media?parent=283"}],"curies":[{"name":"wp","href":"https:\/\/api.w.org\/{rel}","templated":true}]}}