{"id":290,"date":"2024-05-23T08:07:43","date_gmt":"2024-05-23T08:07:43","guid":{"rendered":"https:\/\/residence-du-parc.ms2.decms.eu\/galerie-photos\/"},"modified":"2024-08-30T12:28:18","modified_gmt":"2024-08-30T12:28:18","slug":"galeria-de-fotos","status":"publish","type":"page","link":"https:\/\/www.laresidenceduparc.fr\/es\/galeria-de-fotos\/","title":{"rendered":"Galer\u00eda de fotos"},"content":{"rendered":"","protected":false},"excerpt":{"rendered":"","protected":false},"author":27,"featured_media":0,"parent":0,"menu_order":0,"comment_status":"closed","ping_status":"closed","template":"template-gallery.php","meta":{"footnotes":""},"yoast_head":"<!-- This site is optimized with the Yoast SEO plugin v22.3 - https:\/\/yoast.com\/wordpress\/plugins\/seo\/ -->\n<title>Photo gallery - Aparthotel Disneyland\u00ae Paris | R\u00e9sidence du Parc<\/title>\n<meta name=\"description\" content=\"Immerse yourself in the atmosphere of the R\u00e9sidence du Parc aparthotel in Mont\u00e9vrain near Val d&#039;Europe: accomodation, lounge, meeting rooms, outdoor pool and gardens.\" \/>\n<meta name=\"robots\" content=\"index, follow, max-snippet:-1, max-image-preview:large, max-video-preview:-1\" \/>\n<link rel=\"canonical\" href=\"https:\/\/www.laresidenceduparc.fr\/es\/galeria-de-fotos\/\" \/>\n<meta property=\"og:locale\" content=\"es_ES\" \/>\n<meta property=\"og:type\" content=\"article\" \/>\n<meta property=\"og:title\" content=\"Photo gallery - Aparthotel Disneyland\u00ae Paris | R\u00e9sidence du Parc\" \/>\n<meta property=\"og:description\" content=\"Immerse yourself in the atmosphere of the R\u00e9sidence du Parc aparthotel in Mont\u00e9vrain near Val d&#039;Europe: accomodation, lounge, meeting rooms, outdoor pool and gardens.\" \/>\n<meta property=\"og:url\" content=\"https:\/\/www.laresidenceduparc.fr\/es\/galeria-de-fotos\/\" \/>\n<meta property=\"og:site_name\" content=\"R\u00e9sidence du Parc\" \/>\n<meta property=\"article:modified_time\" content=\"2024-08-30T12:28:18+00:00\" \/>\n<meta name=\"twitter:card\" content=\"summary_large_image\" \/>\n<script type=\"application\/ld+json\" class=\"yoast-schema-graph\">{\"@context\":\"https:\/\/schema.org\",\"@graph\":[{\"@type\":\"WebPage\",\"@id\":\"https:\/\/www.laresidenceduparc.fr\/es\/galeria-de-fotos\/\",\"url\":\"https:\/\/www.laresidenceduparc.fr\/es\/galeria-de-fotos\/\",\"name\":\"Photo gallery - Aparthotel Disneyland\u00ae Paris | R\u00e9sidence du Parc\",\"isPartOf\":{\"@id\":\"https:\/\/www.laresidenceduparc.fr\/es\/#website\"},\"datePublished\":\"2024-05-23T08:07:43+00:00\",\"dateModified\":\"2024-08-30T12:28:18+00:00\",\"description\":\"Immerse yourself in the atmosphere of the R\u00e9sidence du Parc aparthotel in Mont\u00e9vrain near Val d'Europe: accomodation, lounge, meeting rooms, outdoor pool and gardens.\",\"breadcrumb\":{\"@id\":\"https:\/\/www.laresidenceduparc.fr\/es\/galeria-de-fotos\/#breadcrumb\"},\"inLanguage\":\"es\",\"potentialAction\":[{\"@type\":\"ReadAction\",\"target\":[\"https:\/\/www.laresidenceduparc.fr\/es\/galeria-de-fotos\/\"]}]},{\"@type\":\"BreadcrumbList\",\"@id\":\"https:\/\/www.laresidenceduparc.fr\/es\/galeria-de-fotos\/#breadcrumb\",\"itemListElement\":[{\"@type\":\"ListItem\",\"position\":1,\"name\":\"Home\",\"item\":\"https:\/\/www.laresidenceduparc.fr\/es\/\"},{\"@type\":\"ListItem\",\"position\":2,\"name\":\"Galer\u00eda de fotos\"}]},{\"@type\":\"WebSite\",\"@id\":\"https:\/\/www.laresidenceduparc.fr\/es\/#website\",\"url\":\"https:\/\/www.laresidenceduparc.fr\/es\/\",\"name\":\"R\u00e9sidence du Parc\",\"description\":\"\",\"potentialAction\":[{\"@type\":\"SearchAction\",\"target\":{\"@type\":\"EntryPoint\",\"urlTemplate\":\"https:\/\/www.laresidenceduparc.fr\/es\/?s={search_term_string}\"},\"query-input\":\"required name=search_term_string\"}],\"inLanguage\":\"es\"}]}<\/script>\n<!-- \/ Yoast SEO plugin. -->","yoast_head_json":{"title":"Photo gallery - Aparthotel Disneyland\u00ae Paris | R\u00e9sidence du Parc","description":"Immerse yourself in the atmosphere of the R\u00e9sidence du Parc aparthotel in Mont\u00e9vrain near Val d'Europe: accomodation, lounge, meeting rooms, outdoor pool and gardens.","robots":{"index":"index","follow":"follow","max-snippet":"max-snippet:-1","max-image-preview":"max-image-preview:large","max-video-preview":"max-video-preview:-1"},"canonical":"https:\/\/www.laresidenceduparc.fr\/es\/galeria-de-fotos\/","og_locale":"es_ES","og_type":"article","og_title":"Photo gallery - Aparthotel Disneyland\u00ae Paris | R\u00e9sidence du Parc","og_description":"Immerse yourself in the atmosphere of the R\u00e9sidence du Parc aparthotel in Mont\u00e9vrain near Val d'Europe: accomodation, lounge, meeting rooms, outdoor pool and gardens.","og_url":"https:\/\/www.laresidenceduparc.fr\/es\/galeria-de-fotos\/","og_site_name":"R\u00e9sidence du Parc","article_modified_time":"2024-08-30T12:28:18+00:00","twitter_card":"summary_large_image","schema":{"@context":"https:\/\/schema.org","@graph":[{"@type":"WebPage","@id":"https:\/\/www.laresidenceduparc.fr\/es\/galeria-de-fotos\/","url":"https:\/\/www.laresidenceduparc.fr\/es\/galeria-de-fotos\/","name":"Photo gallery - Aparthotel Disneyland\u00ae Paris | R\u00e9sidence du Parc","isPartOf":{"@id":"https:\/\/www.laresidenceduparc.fr\/es\/#website"},"datePublished":"2024-05-23T08:07:43+00:00","dateModified":"2024-08-30T12:28:18+00:00","description":"Immerse yourself in the atmosphere of the R\u00e9sidence du Parc aparthotel in Mont\u00e9vrain near Val d'Europe: accomodation, lounge, meeting rooms, outdoor pool and gardens.","breadcrumb":{"@id":"https:\/\/www.laresidenceduparc.fr\/es\/galeria-de-fotos\/#breadcrumb"},"inLanguage":"es","potentialAction":[{"@type":"ReadAction","target":["https:\/\/www.laresidenceduparc.fr\/es\/galeria-de-fotos\/"]}]},{"@type":"BreadcrumbList","@id":"https:\/\/www.laresidenceduparc.fr\/es\/galeria-de-fotos\/#breadcrumb","itemListElement":[{"@type":"ListItem","position":1,"name":"Home","item":"https:\/\/www.laresidenceduparc.fr\/es\/"},{"@type":"ListItem","position":2,"name":"Galer\u00eda de fotos"}]},{"@type":"WebSite","@id":"https:\/\/www.laresidenceduparc.fr\/es\/#website","url":"https:\/\/www.laresidenceduparc.fr\/es\/","name":"R\u00e9sidence du Parc","description":"","potentialAction":[{"@type":"SearchAction","target":{"@type":"EntryPoint","urlTemplate":"https:\/\/www.laresidenceduparc.fr\/es\/?s={search_term_string}"},"query-input":"required name=search_term_string"}],"inLanguage":"es"}]}},"acf":[],"_links":{"self":[{"href":"https:\/\/www.laresidenceduparc.fr\/es\/wp-json\/wp\/v2\/pages\/290"}],"collection":[{"href":"https:\/\/www.laresidenceduparc.fr\/es\/wp-json\/wp\/v2\/pages"}],"about":[{"href":"https:\/\/www.laresidenceduparc.fr\/es\/wp-json\/wp\/v2\/types\/page"}],"author":[{"embeddable":true,"href":"https:\/\/www.laresidenceduparc.fr\/es\/wp-json\/wp\/v2\/users\/27"}],"replies":[{"embeddable":true,"href":"https:\/\/www.laresidenceduparc.fr\/es\/wp-json\/wp\/v2\/comments?post=290"}],"version-history":[{"count":0,"href":"https:\/\/www.laresidenceduparc.fr\/es\/wp-json\/wp\/v2\/pages\/290\/revisions"}],"wp:attachment":[{"href":"https:\/\/www.laresidenceduparc.fr\/es\/wp-json\/wp\/v2\/media?parent=290"}],"curies":[{"name":"wp","href":"https:\/\/api.w.org\/{rel}","templated":true}]}}