{"id":293,"date":"2024-05-23T08:19:53","date_gmt":"2024-05-23T08:19:53","guid":{"rendered":"https:\/\/residence-du-parc.ms2.decms.eu\/contact\/"},"modified":"2024-08-01T14:57:30","modified_gmt":"2024-08-01T14:57:30","slug":"contacto","status":"publish","type":"page","link":"https:\/\/www.laresidenceduparc.fr\/es\/contacto\/","title":{"rendered":"Contacto"},"content":{"rendered":"<p style=\"text-align: center;\"><span data-sheets-root=\"1\" data-sheets-value=\"{&quot;1&quot;:2,&quot;2&quot;:&quot;Vous pouvez nous joindre 24h\/24, 7j\/7, le personnel de r\u00e9ception multilingue est \u00e0 votre disposition pour r\u00e9pondre \u00e0 toutes vos questions.&quot;}\" data-sheets-userformat=\"{&quot;2&quot;:15359,&quot;3&quot;:{&quot;1&quot;:0},&quot;4&quot;:{&quot;1&quot;:2,&quot;2&quot;:16777215},&quot;5&quot;:{&quot;1&quot;:[{&quot;1&quot;:2,&quot;2&quot;:0,&quot;5&quot;:{&quot;1&quot;:2,&quot;2&quot;:14277081}},{&quot;1&quot;:0,&quot;2&quot;:0,&quot;3&quot;:3},{&quot;1&quot;:1,&quot;2&quot;:0,&quot;4&quot;:1}]},&quot;6&quot;:{&quot;1&quot;:[{&quot;1&quot;:2,&quot;2&quot;:0,&quot;5&quot;:{&quot;1&quot;:2,&quot;2&quot;:14277081}},{&quot;1&quot;:0,&quot;2&quot;:0,&quot;3&quot;:3},{&quot;1&quot;:1,&quot;2&quot;:0,&quot;4&quot;:1}]},&quot;7&quot;:{&quot;1&quot;:[{&quot;1&quot;:2,&quot;2&quot;:0,&quot;5&quot;:{&quot;1&quot;:2,&quot;2&quot;:14277081}},{&quot;1&quot;:0,&quot;2&quot;:0,&quot;3&quot;:3},{&quot;1&quot;:1,&quot;2&quot;:0,&quot;4&quot;:1}]},&quot;8&quot;:{&quot;1&quot;:[{&quot;1&quot;:2,&quot;2&quot;:0,&quot;5&quot;:{&quot;1&quot;:2,&quot;2&quot;:14277081}},{&quot;1&quot;:0,&quot;2&quot;:0,&quot;3&quot;:3},{&quot;1&quot;:1,&quot;2&quot;:0,&quot;4&quot;:1}]},&quot;9&quot;:0,&quot;10&quot;:1,&quot;11&quot;:4,&quot;12&quot;:0,&quot;14&quot;:{&quot;1&quot;:2,&quot;2&quot;:0},&quot;15&quot;:&quot;Montserrat&quot;,&quot;16&quot;:10}\">Vous pouvez nous joindre <strong>24h\/24, 7j\/7<\/strong>, le personnel de r\u00e9ception <strong>multilingue<\/strong> est \u00e0 votre disposition pour r\u00e9pondre \u00e0 toutes vos questions.<\/span><\/p>\n<p style=\"text-align: center;\">\n                <div class='gf_browser_gecko gform_wrapper' id='gform_wrapper_5' ><form method='post' enctype='multipart\/form-data'  id='gform_5'  action='\/es\/wp-json\/wp\/v2\/pages\/293'>\n                        <div class='gform_heading'>\n                            <h3 class='gform_title'>Formulario de contacto<\/h3>\n                            <span class='gform_description'><\/span>\n                        <\/div>\n                        <div class='gform_body'><ul id='gform_fields_5' class='gform_fields top_label form_sublabel_below description_below'><li id='field_5_1'  class='gfield gfield_contains_required field_sublabel_below field_description_below gfield_visibility_visible' ><label class='gfield_label' for='input_5_1' >Apellidos y nombre<span class='gfield_required'>*<\/span><\/label><div class='ginput_container ginput_container_text'><input name='input_1' id='input_5_1' type='text' value='' class='medium'    placeholder='Renseignez nom &amp; pr\u00e9nom...' aria-required=\"true\" aria-invalid=\"false\" \/><\/div><\/li><li id='field_5_2'  class='gfield gfield_contains_required field_sublabel_below field_description_below gfield_visibility_visible' ><label class='gfield_label' for='input_5_2' >Correo electr\u00f3nico<span class='gfield_required'>*<\/span><\/label><div class='ginput_container ginput_container_text'><input name='input_2' id='input_5_2' type='text' value='' class='medium'    placeholder='Renseignez votre email...' aria-required=\"true\" aria-invalid=\"false\" \/><\/div><\/li><li id='field_5_3'  class='gfield gfield_contains_required field_sublabel_below field_description_below gfield_visibility_visible' ><label class='gfield_label' for='input_5_3' >Mensaje<span class='gfield_required'>*<\/span><\/label><div class='ginput_container ginput_container_textarea'><textarea name='input_3' id='input_5_3' class='textarea medium'    placeholder='\u00c9crivez votre message ...' aria-required=\"true\" aria-invalid=\"false\"   rows='10' cols='50'><\/textarea><\/div><\/li><li id='field_5_5'  class='gfield gfield_contains_required field_sublabel_below field_description_below gfield_visibility_visible' ><label class='gfield_label'  >Datos personales<span class='gfield_required'>*<\/span><\/label><div class='ginput_container ginput_container_consent'><input name='input_5.1' id='input_5_5_1' type='checkbox' value='1'   aria-required=\"true\" aria-invalid=\"false\"   \/> <label class=\"gfield_consent_label\" for='input_5_5_1' >Acepto el tratamiento de los datos personales tal como se indica en el aviso legal<\/label><input type='hidden' name='input_5.2' value='Acepto el tratamiento de los datos personales tal como se indica en el aviso legal' class='gform_hidden' \/><input type='hidden' name='input_5.3' value='5' class='gform_hidden' \/><\/div><\/li><li id='field_5_6'  class='gfield field_sublabel_below field_description_below gfield_visibility_visible' ><label class='gfield_label' for='input_5_6' ><\/label><div id='input_5_6' class='ginput_container ginput_recaptcha' data-sitekey='6Lc-5-UpAAAAACCmwO_35HVPCcX3LSL5XTNk1ioU'  data-theme='light' data-tabindex='-1' data-size='invisible' data-badge='bottomright'><\/div><\/li><li id='field_5_7'  class='gfield gform_validation_container field_sublabel_below field_description_below gfield_visibility_visible' ><label class='gfield_label' for='input_5_7' >Phone<\/label><div class='ginput_container'><input name='input_7' id='input_5_7' type='text' value='' \/><\/div><div class='gfield_description' id='gfield_description_5_7'>Este campo es un campo de validaci\u00f3n y debe quedar sin cambios.<\/div><\/li>\n                            <\/ul><\/div>\n        <div class='gform_footer top_label'> <input type='submit' id='gform_submit_button_5' class='gform_button button' value='Enviar'  onclick='if(window[\"gf_submitting_5\"]){return false;}  window[\"gf_submitting_5\"]=true;  ' onkeypress='if( event.keyCode == 13 ){ if(window[\"gf_submitting_5\"]){return false;} window[\"gf_submitting_5\"]=true;  jQuery(\"#gform_5\").trigger(\"submit\",[true]); }' \/> \n            <input type='hidden' class='gform_hidden' name='is_submit_5' value='1' \/>\n            <input type='hidden' class='gform_hidden' name='gform_submit' value='5' \/>\n            \n            <input type='hidden' class='gform_hidden' name='gform_unique_id' value='' \/>\n            <input type='hidden' class='gform_hidden' name='state_5' value='WyJbXSIsIjY3ZWNjOTcwODMwMzRmMzk1MDc2OTMyMjQyNjMyODIwIl0=' \/>\n            <input type='hidden' class='gform_hidden' name='gform_target_page_number_5' id='gform_target_page_number_5' value='0' \/>\n            <input type='hidden' class='gform_hidden' name='gform_source_page_number_5' id='gform_source_page_number_5' value='1' \/>\n            <input type='hidden' name='gform_field_values' value='' \/>\n            \n        <\/div>\n                        <\/form>\n                        <\/div><script type='text\/javascript'> jQuery(document).bind('gform_post_render', function(event, formId, currentPage){if(formId == 5) {if(typeof Placeholders != 'undefined'){\n                        Placeholders.enable();\n                    }} } );jQuery(document).bind('gform_post_conditional_logic', function(event, formId, fields, isInit){} );<\/script><script type='text\/javascript'> jQuery(document).ready(function(){jQuery(document).trigger('gform_post_render', [5, 1]) } ); <\/script><\/p>\n","protected":false},"excerpt":{"rendered":"<p>Vous pouvez nous joindre 24h\/24, 7j\/7, le personnel de r\u00e9ception multilingue est \u00e0 votre disposition pour r\u00e9pondre \u00e0 toutes vos questions.<\/p>\n","protected":false},"author":27,"featured_media":0,"parent":0,"menu_order":0,"comment_status":"closed","ping_status":"closed","template":"template-contacts.php","meta":{"footnotes":""},"yoast_head":"<!-- This site is optimized with the Yoast SEO plugin v22.3 - https:\/\/yoast.com\/wordpress\/plugins\/seo\/ -->\n<title>Contacto - Aparthotel Val d&#039;Europe | R\u00e9sidence du Parc<\/title>\n<meta name=\"description\" content=\"\u00bfNecesita informaci\u00f3n o reservar alojamiento cerca de Disneyland\u00ae? Aqu\u00ed tienes los datos de contacto de la R\u00e9sidence du Parc, aparthotel en Val d&#039;Europe cerca de Disney.\" \/>\n<meta name=\"robots\" content=\"index, follow, max-snippet:-1, max-image-preview:large, max-video-preview:-1\" \/>\n<link rel=\"canonical\" href=\"https:\/\/www.laresidenceduparc.fr\/es\/contacto\/\" \/>\n<meta property=\"og:locale\" content=\"es_ES\" \/>\n<meta property=\"og:type\" content=\"article\" \/>\n<meta property=\"og:title\" content=\"Contacto - Aparthotel Val d&#039;Europe | R\u00e9sidence du Parc\" \/>\n<meta property=\"og:description\" content=\"\u00bfNecesita informaci\u00f3n o reservar alojamiento cerca de Disneyland\u00ae? Aqu\u00ed tienes los datos de contacto de la R\u00e9sidence du Parc, aparthotel en Val d&#039;Europe cerca de Disney.\" \/>\n<meta property=\"og:url\" content=\"https:\/\/www.laresidenceduparc.fr\/es\/contacto\/\" \/>\n<meta property=\"og:site_name\" content=\"R\u00e9sidence du Parc\" \/>\n<meta property=\"article:modified_time\" content=\"2024-08-01T14:57:30+00:00\" \/>\n<meta name=\"twitter:card\" content=\"summary_large_image\" \/>\n<meta name=\"twitter:label1\" content=\"Tiempo de lectura\" \/>\n\t<meta name=\"twitter:data1\" content=\"1 minuto\" \/>\n<script type=\"application\/ld+json\" class=\"yoast-schema-graph\">{\"@context\":\"https:\/\/schema.org\",\"@graph\":[{\"@type\":\"WebPage\",\"@id\":\"https:\/\/www.laresidenceduparc.fr\/es\/contacto\/\",\"url\":\"https:\/\/www.laresidenceduparc.fr\/es\/contacto\/\",\"name\":\"Contacto - Aparthotel Val d'Europe | R\u00e9sidence du Parc\",\"isPartOf\":{\"@id\":\"https:\/\/www.laresidenceduparc.fr\/es\/#website\"},\"datePublished\":\"2024-05-23T08:19:53+00:00\",\"dateModified\":\"2024-08-01T14:57:30+00:00\",\"description\":\"\u00bfNecesita informaci\u00f3n o reservar alojamiento cerca de Disneyland\u00ae? Aqu\u00ed tienes los datos de contacto de la R\u00e9sidence du Parc, aparthotel en Val d'Europe cerca de Disney.\",\"breadcrumb\":{\"@id\":\"https:\/\/www.laresidenceduparc.fr\/es\/contacto\/#breadcrumb\"},\"inLanguage\":\"es\",\"potentialAction\":[{\"@type\":\"ReadAction\",\"target\":[\"https:\/\/www.laresidenceduparc.fr\/es\/contacto\/\"]}]},{\"@type\":\"BreadcrumbList\",\"@id\":\"https:\/\/www.laresidenceduparc.fr\/es\/contacto\/#breadcrumb\",\"itemListElement\":[{\"@type\":\"ListItem\",\"position\":1,\"name\":\"Home\",\"item\":\"https:\/\/www.laresidenceduparc.fr\/es\/\"},{\"@type\":\"ListItem\",\"position\":2,\"name\":\"Contacto\"}]},{\"@type\":\"WebSite\",\"@id\":\"https:\/\/www.laresidenceduparc.fr\/es\/#website\",\"url\":\"https:\/\/www.laresidenceduparc.fr\/es\/\",\"name\":\"R\u00e9sidence du Parc\",\"description\":\"\",\"potentialAction\":[{\"@type\":\"SearchAction\",\"target\":{\"@type\":\"EntryPoint\",\"urlTemplate\":\"https:\/\/www.laresidenceduparc.fr\/es\/?s={search_term_string}\"},\"query-input\":\"required name=search_term_string\"}],\"inLanguage\":\"es\"}]}<\/script>\n<!-- \/ Yoast SEO plugin. -->","yoast_head_json":{"title":"Contacto - Aparthotel Val d'Europe | R\u00e9sidence du Parc","description":"\u00bfNecesita informaci\u00f3n o reservar alojamiento cerca de Disneyland\u00ae? Aqu\u00ed tienes los datos de contacto de la R\u00e9sidence du Parc, aparthotel en Val d'Europe cerca de Disney.","robots":{"index":"index","follow":"follow","max-snippet":"max-snippet:-1","max-image-preview":"max-image-preview:large","max-video-preview":"max-video-preview:-1"},"canonical":"https:\/\/www.laresidenceduparc.fr\/es\/contacto\/","og_locale":"es_ES","og_type":"article","og_title":"Contacto - Aparthotel Val d'Europe | R\u00e9sidence du Parc","og_description":"\u00bfNecesita informaci\u00f3n o reservar alojamiento cerca de Disneyland\u00ae? Aqu\u00ed tienes los datos de contacto de la R\u00e9sidence du Parc, aparthotel en Val d'Europe cerca de Disney.","og_url":"https:\/\/www.laresidenceduparc.fr\/es\/contacto\/","og_site_name":"R\u00e9sidence du Parc","article_modified_time":"2024-08-01T14:57:30+00:00","twitter_card":"summary_large_image","twitter_misc":{"Tiempo de lectura":"1 minuto"},"schema":{"@context":"https:\/\/schema.org","@graph":[{"@type":"WebPage","@id":"https:\/\/www.laresidenceduparc.fr\/es\/contacto\/","url":"https:\/\/www.laresidenceduparc.fr\/es\/contacto\/","name":"Contacto - Aparthotel Val d'Europe | R\u00e9sidence du Parc","isPartOf":{"@id":"https:\/\/www.laresidenceduparc.fr\/es\/#website"},"datePublished":"2024-05-23T08:19:53+00:00","dateModified":"2024-08-01T14:57:30+00:00","description":"\u00bfNecesita informaci\u00f3n o reservar alojamiento cerca de Disneyland\u00ae? Aqu\u00ed tienes los datos de contacto de la R\u00e9sidence du Parc, aparthotel en Val d'Europe cerca de Disney.","breadcrumb":{"@id":"https:\/\/www.laresidenceduparc.fr\/es\/contacto\/#breadcrumb"},"inLanguage":"es","potentialAction":[{"@type":"ReadAction","target":["https:\/\/www.laresidenceduparc.fr\/es\/contacto\/"]}]},{"@type":"BreadcrumbList","@id":"https:\/\/www.laresidenceduparc.fr\/es\/contacto\/#breadcrumb","itemListElement":[{"@type":"ListItem","position":1,"name":"Home","item":"https:\/\/www.laresidenceduparc.fr\/es\/"},{"@type":"ListItem","position":2,"name":"Contacto"}]},{"@type":"WebSite","@id":"https:\/\/www.laresidenceduparc.fr\/es\/#website","url":"https:\/\/www.laresidenceduparc.fr\/es\/","name":"R\u00e9sidence du Parc","description":"","potentialAction":[{"@type":"SearchAction","target":{"@type":"EntryPoint","urlTemplate":"https:\/\/www.laresidenceduparc.fr\/es\/?s={search_term_string}"},"query-input":"required name=search_term_string"}],"inLanguage":"es"}]}},"acf":[],"_links":{"self":[{"href":"https:\/\/www.laresidenceduparc.fr\/es\/wp-json\/wp\/v2\/pages\/293"}],"collection":[{"href":"https:\/\/www.laresidenceduparc.fr\/es\/wp-json\/wp\/v2\/pages"}],"about":[{"href":"https:\/\/www.laresidenceduparc.fr\/es\/wp-json\/wp\/v2\/types\/page"}],"author":[{"embeddable":true,"href":"https:\/\/www.laresidenceduparc.fr\/es\/wp-json\/wp\/v2\/users\/27"}],"replies":[{"embeddable":true,"href":"https:\/\/www.laresidenceduparc.fr\/es\/wp-json\/wp\/v2\/comments?post=293"}],"version-history":[{"count":0,"href":"https:\/\/www.laresidenceduparc.fr\/es\/wp-json\/wp\/v2\/pages\/293\/revisions"}],"wp:attachment":[{"href":"https:\/\/www.laresidenceduparc.fr\/es\/wp-json\/wp\/v2\/media?parent=293"}],"curies":[{"name":"wp","href":"https:\/\/api.w.org\/{rel}","templated":true}]}}