{"id":411,"date":"2025-02-21T11:09:02","date_gmt":"2025-02-21T11:09:02","guid":{"rendered":"https:\/\/www.laresidenceduparc.fr\/?page_id=411"},"modified":"2025-03-06T16:35:18","modified_gmt":"2025-03-06T16:35:18","slug":"411-2","status":"publish","type":"page","link":"https:\/\/www.laresidenceduparc.fr\/es\/411-2\/","title":{"rendered":"Bienvenido"},"content":{"rendered":"<h4>Aqu\u00ed encontrar\u00e1 toda la informaci\u00f3n necesaria para su estancia<\/h4>\n<p>&nbsp;<\/p>\n<h3><img loading=\"lazy\" decoding=\"async\" class=\"alignnone\" src=\"https:\/\/media.istockphoto.com\/id\/1185464424\/fr\/vectoriel\/ic%C3%B4ne-internet-wi-fi-vector-wi-fi-wlan-access-signal-wifi-sans-fil.jpg?s=612x612&amp;w=0&amp;k=20&amp;c=qRgOGljo_VBT_GRm7ytupPS6QGqM5FFnBMJRuX1tAcA=\" alt=\"Picto Wifi \" width=\"32\" height=\"32\" \/> WIFI &#8211; Gratis<\/h3>\n<p>Red : RESIDENCE DU PARC<br \/>\nClave: Residence77<br \/>\nA continuaci\u00f3n, seleccione \u00abConectarse rellenando un formulario\u00bb<\/p>\n<h3><img loading=\"lazy\" decoding=\"async\" class=\"\" src=\"https:\/\/em-content.zobj.net\/source\/apple\/391\/bellhop-bell_1f6ce-fe0f.png\" alt=\"iOS 17.4\" width=\"30\" height=\"30\" \/>\u00a0 RECEPCI\u00d3N<\/h3>\n<p>Recepci\u00f3n abierta las 24 horas del d\u00eda, los 7 d\u00edas de la semana &#8211; llame al <a href=\"tel:0160317400\">01.60.31.74.00<\/a><\/p>\n<h3><img loading=\"lazy\" decoding=\"async\" class=\"\" src=\"https:\/\/em-content.zobj.net\/source\/apple\/391\/croissant_1f950.png\" alt=\"iOS 17.4\" width=\"30\" height=\"30\" \/>\u00a0 DESAYUNO &#8211; Servicio con coste adicional<\/h3>\n<p>El desayuno se sirve de<strong> 7.00 a 11h<\/strong> en la cafeter\u00eda.<\/p>\n<p>Disfrute de un buf\u00e9 de pan, boller\u00eda, cereales, yogur, leche vegetal, bebidas calientes, zumo de fruta, macedonia, tarta dulce, jam\u00f3n, bacon, huevos y queso.<\/p>\n<ul>\n<li>Precio <strong>+12 a\u00f1os: 15 \u20ac<\/strong><\/li>\n<li>Precio <strong>-12 a\u00f1os: 11 \u20ac<\/strong><\/li>\n<\/ul>\n<h3><img loading=\"lazy\" decoding=\"async\" class=\"\" src=\"https:\/\/em-content.zobj.net\/source\/apple\/391\/person-swimming_light-skin-tone_1f3ca-1f3fb_1f3fb.png\" alt=\"iOS 17.4\" width=\"30\" height=\"30\" \/>\u00a0 PISCINA<\/h3>\n<p>Piscina exterior abierta de <strong>10:00 a 21:00<\/strong> (de junio a septiembre, si el tiempo lo permite).<br \/>\nSin vigilancia &#8211; Acceso libre desde la planta baja.<\/p>\n<h3><img loading=\"lazy\" decoding=\"async\" class=\"\" src=\"https:\/\/em-content.zobj.net\/source\/apple\/391\/waving-hand_light-skin-tone_1f44b-1f3fb_1f3fb.png\" alt=\"iOS 17.4\" width=\"30\" height=\"30\" \/>\u00a0 SALIDA<\/h3>\n<p><strong>Salida por la ma\u00f1ana antes de las 11h<\/strong>. Cualquier retraso se facturar\u00e1 a 20 euros\/hora. Las tarjetas perdidas se facturar\u00e1n a 5 euros.<\/p>\n<p>Cuando se vaya, por favor :<\/p>\n<ul>\n<li>Deposite las toallas usadas en el suelo<\/li>\n<li>Devuelva su tarjeta de acceso a la recepci\u00f3n<\/li>\n<\/ul>\n<h3><img loading=\"lazy\" decoding=\"async\" class=\"\" src=\"https:\/\/em-content.zobj.net\/source\/apple\/391\/person-raising-hand_1f64b.png\" alt=\"iOS 17.4\" width=\"30\" height=\"30\" \/>\u00a0 SERVICIOS<\/h3>\n<ul>\n<li><strong>Guardaequipaje<\/strong> gratis : Disponible en recepci\u00f3n<\/li>\n<li><strong>Kit de cepillos de dientes<\/strong>: A la venta en recepci\u00f3n por 2 \u20ac\/kit.<\/li>\n<li><strong>Entradas para Disneyland\u00ae Par\u00eds<\/strong>: Informaci\u00f3n y venta en recepci\u00f3n.<\/li>\n<li>Pr\u00e9stamo gratuito de <strong>plancha, secador de pelo y cuna<\/strong> (se requiere dep\u00f3sito). A la venta en recepci\u00f3n.<\/li>\n<\/ul>\n<h3><img loading=\"lazy\" decoding=\"async\" class=\"\" src=\"https:\/\/em-content.zobj.net\/source\/apple\/391\/oncoming-bus_1f68d.png\" alt=\"iOS 17.4\" width=\"30\" height=\"30\" \/> \u00a0<span style=\"font-size: 16px\">VIAJE A DISNEYLAND\u00ae PARIS Y VAL D&#8217;EUROPE<\/span><\/h3>\n<ul>\n<li><strong>Taxi<\/strong> se puede reservar en recepci\u00f3n<\/li>\n<li><strong>Autob\u00fas<\/strong> n\u00ba 2233 a Disneyland\u00ae Paris, estaci\u00f3n RER y Val d&#8217;Europe. Parada al pie de la Residencia. Horario disponible en recepci\u00f3n.<\/li>\n<\/ul>\n<h3><img loading=\"lazy\" decoding=\"async\" class=\"\" src=\"https:\/\/em-content.zobj.net\/source\/apple\/391\/sponge_1f9fd.png\" alt=\"iOS 17.4\" width=\"30\" height=\"30\" \/> \u00a0HOGAR<\/h3>\n<p>Usted se aloja en un apartotel. Nuestros servicios <strong>no incluyen la limpieza ni el cambio de s\u00e1banas durante su estancia<\/strong>.<\/p>\n<p>Como opci\u00f3n, se puede proporcionar un servicio de limpieza completo por 50 euros, o un servicio de limpieza nocturno por 15 euros. P\u00f3ngase en contacto con recepci\u00f3n para m\u00e1s detalles.<\/p>\n<h3><img loading=\"lazy\" decoding=\"async\" class=\"\" src=\"https:\/\/em-content.zobj.net\/source\/apple\/391\/light-bulb_1f4a1.png\" alt=\"iOS 17.4\" width=\"30\" height=\"30\" \/>\u00a0 AHORRO DE ENERG\u00cdA: \u00a1en el hotel como en casa!<\/h3>\n<p>Para ayudarnos a trabajar de forma respetuosa con el medio ambiente, recuerde :<\/p>\n<ul>\n<li>Retirar la tarjeta al salir del estudio (para las luces)<\/li>\n<li>No dejar correr el agua sin motivo<\/li>\n<li>Utilizar una cantidad razonable de gel de ducha<\/li>\n<li>Apagar la calefacci\u00f3n o el aire acondicionado si abre las ventanas<\/li>\n<li>Cerrar las ventanas cuando no est\u00e9<\/li>\n<\/ul>\n<p>Gracias de antemano por su colaboraci\u00f3n.<\/p>\n<p>Todo el equipo de la R\u00e9sidence du Parc Val d&#8217;Europe le desea una agradable estancia.<\/p>\n","protected":false},"excerpt":{"rendered":"<p>Aqu\u00ed encontrar\u00e1 toda la informaci\u00f3n necesaria para su estancia &nbsp; WIFI &#8211; Gratis Red : RESIDENCE DU PARC Clave: Residence77 A continuaci\u00f3n, seleccione \u00abConectarse rellenando un formulario\u00bb \u00a0 RECEPCI\u00d3N Recepci\u00f3n abierta las 24 horas del d\u00eda, los 7 d\u00edas de la semana &#8211; llame al 01.60.31.74.00 \u00a0 DESAYUNO &#8211; Servicio con coste adicional El desayuno [&hellip;]<\/p>\n","protected":false},"author":179,"featured_media":0,"parent":0,"menu_order":0,"comment_status":"closed","ping_status":"closed","template":"","meta":{"footnotes":""},"yoast_head":"<!-- This site is optimized with the Yoast SEO plugin v22.3 - https:\/\/yoast.com\/wordpress\/plugins\/seo\/ -->\n<title>Bienvenido - R\u00e9sidence du Parc<\/title>\n<meta name=\"robots\" content=\"index, follow, max-snippet:-1, max-image-preview:large, max-video-preview:-1\" \/>\n<link rel=\"canonical\" href=\"https:\/\/www.laresidenceduparc.fr\/es\/411-2\/\" \/>\n<meta property=\"og:locale\" content=\"es_ES\" \/>\n<meta property=\"og:type\" content=\"article\" \/>\n<meta property=\"og:title\" content=\"Bienvenido - R\u00e9sidence du Parc\" \/>\n<meta property=\"og:description\" content=\"Aqu\u00ed encontrar\u00e1 toda la informaci\u00f3n necesaria para su estancia &nbsp; WIFI &#8211; Gratis Red : RESIDENCE DU PARC Clave: Residence77 A continuaci\u00f3n, seleccione \u00abConectarse rellenando un formulario\u00bb \u00a0 RECEPCI\u00d3N Recepci\u00f3n abierta las 24 horas del d\u00eda, los 7 d\u00edas de la semana &#8211; llame al 01.60.31.74.00 \u00a0 DESAYUNO &#8211; Servicio con coste adicional El desayuno [&hellip;]\" \/>\n<meta property=\"og:url\" content=\"https:\/\/www.laresidenceduparc.fr\/es\/411-2\/\" \/>\n<meta property=\"og:site_name\" content=\"R\u00e9sidence du Parc\" \/>\n<meta property=\"article:modified_time\" content=\"2025-03-06T16:35:18+00:00\" \/>\n<meta property=\"og:image\" content=\"https:\/\/media.istockphoto.com\/id\/1185464424\/fr\/vectoriel\/ic%C3%B4ne-internet-wi-fi-vector-wi-fi-wlan-access-signal-wifi-sans-fil.jpg?s=612x612&amp;w=0&amp;k=20&amp;c=qRgOGljo_VBT_GRm7ytupPS6QGqM5FFnBMJRuX1tAcA=\" \/>\n<meta name=\"twitter:card\" content=\"summary_large_image\" \/>\n<meta name=\"twitter:label1\" content=\"Tiempo de lectura\" \/>\n\t<meta name=\"twitter:data1\" content=\"4 minutos\" \/>\n<script type=\"application\/ld+json\" class=\"yoast-schema-graph\">{\"@context\":\"https:\/\/schema.org\",\"@graph\":[{\"@type\":\"WebPage\",\"@id\":\"https:\/\/www.laresidenceduparc.fr\/es\/411-2\/\",\"url\":\"https:\/\/www.laresidenceduparc.fr\/es\/411-2\/\",\"name\":\"Bienvenido - R\u00e9sidence du Parc\",\"isPartOf\":{\"@id\":\"https:\/\/www.laresidenceduparc.fr\/es\/#website\"},\"primaryImageOfPage\":{\"@id\":\"https:\/\/www.laresidenceduparc.fr\/es\/411-2\/#primaryimage\"},\"image\":{\"@id\":\"https:\/\/www.laresidenceduparc.fr\/es\/411-2\/#primaryimage\"},\"thumbnailUrl\":\"https:\/\/media.istockphoto.com\/id\/1185464424\/fr\/vectoriel\/ic%C3%B4ne-internet-wi-fi-vector-wi-fi-wlan-access-signal-wifi-sans-fil.jpg?s=612x612&amp;w=0&amp;k=20&amp;c=qRgOGljo_VBT_GRm7ytupPS6QGqM5FFnBMJRuX1tAcA=\",\"datePublished\":\"2025-02-21T11:09:02+00:00\",\"dateModified\":\"2025-03-06T16:35:18+00:00\",\"breadcrumb\":{\"@id\":\"https:\/\/www.laresidenceduparc.fr\/es\/411-2\/#breadcrumb\"},\"inLanguage\":\"es\",\"potentialAction\":[{\"@type\":\"ReadAction\",\"target\":[\"https:\/\/www.laresidenceduparc.fr\/es\/411-2\/\"]}]},{\"@type\":\"ImageObject\",\"inLanguage\":\"es\",\"@id\":\"https:\/\/www.laresidenceduparc.fr\/es\/411-2\/#primaryimage\",\"url\":\"https:\/\/media.istockphoto.com\/id\/1185464424\/fr\/vectoriel\/ic%C3%B4ne-internet-wi-fi-vector-wi-fi-wlan-access-signal-wifi-sans-fil.jpg?s=612x612&amp;w=0&amp;k=20&amp;c=qRgOGljo_VBT_GRm7ytupPS6QGqM5FFnBMJRuX1tAcA=\",\"contentUrl\":\"https:\/\/media.istockphoto.com\/id\/1185464424\/fr\/vectoriel\/ic%C3%B4ne-internet-wi-fi-vector-wi-fi-wlan-access-signal-wifi-sans-fil.jpg?s=612x612&amp;w=0&amp;k=20&amp;c=qRgOGljo_VBT_GRm7ytupPS6QGqM5FFnBMJRuX1tAcA=\"},{\"@type\":\"BreadcrumbList\",\"@id\":\"https:\/\/www.laresidenceduparc.fr\/es\/411-2\/#breadcrumb\",\"itemListElement\":[{\"@type\":\"ListItem\",\"position\":1,\"name\":\"Home\",\"item\":\"https:\/\/www.laresidenceduparc.fr\/es\/\"},{\"@type\":\"ListItem\",\"position\":2,\"name\":\"Bienvenido\"}]},{\"@type\":\"WebSite\",\"@id\":\"https:\/\/www.laresidenceduparc.fr\/es\/#website\",\"url\":\"https:\/\/www.laresidenceduparc.fr\/es\/\",\"name\":\"R\u00e9sidence du Parc\",\"description\":\"\",\"potentialAction\":[{\"@type\":\"SearchAction\",\"target\":{\"@type\":\"EntryPoint\",\"urlTemplate\":\"https:\/\/www.laresidenceduparc.fr\/es\/?s={search_term_string}\"},\"query-input\":\"required name=search_term_string\"}],\"inLanguage\":\"es\"}]}<\/script>\n<!-- \/ Yoast SEO plugin. -->","yoast_head_json":{"title":"Bienvenido - R\u00e9sidence du Parc","robots":{"index":"index","follow":"follow","max-snippet":"max-snippet:-1","max-image-preview":"max-image-preview:large","max-video-preview":"max-video-preview:-1"},"canonical":"https:\/\/www.laresidenceduparc.fr\/es\/411-2\/","og_locale":"es_ES","og_type":"article","og_title":"Bienvenido - R\u00e9sidence du Parc","og_description":"Aqu\u00ed encontrar\u00e1 toda la informaci\u00f3n necesaria para su estancia &nbsp; WIFI &#8211; Gratis Red : RESIDENCE DU PARC Clave: Residence77 A continuaci\u00f3n, seleccione \u00abConectarse rellenando un formulario\u00bb \u00a0 RECEPCI\u00d3N Recepci\u00f3n abierta las 24 horas del d\u00eda, los 7 d\u00edas de la semana &#8211; llame al 01.60.31.74.00 \u00a0 DESAYUNO &#8211; Servicio con coste adicional El desayuno [&hellip;]","og_url":"https:\/\/www.laresidenceduparc.fr\/es\/411-2\/","og_site_name":"R\u00e9sidence du Parc","article_modified_time":"2025-03-06T16:35:18+00:00","og_image":[{"url":"https:\/\/media.istockphoto.com\/id\/1185464424\/fr\/vectoriel\/ic%C3%B4ne-internet-wi-fi-vector-wi-fi-wlan-access-signal-wifi-sans-fil.jpg?s=612x612&amp;w=0&amp;k=20&amp;c=qRgOGljo_VBT_GRm7ytupPS6QGqM5FFnBMJRuX1tAcA="}],"twitter_card":"summary_large_image","twitter_misc":{"Tiempo de lectura":"4 minutos"},"schema":{"@context":"https:\/\/schema.org","@graph":[{"@type":"WebPage","@id":"https:\/\/www.laresidenceduparc.fr\/es\/411-2\/","url":"https:\/\/www.laresidenceduparc.fr\/es\/411-2\/","name":"Bienvenido - R\u00e9sidence du Parc","isPartOf":{"@id":"https:\/\/www.laresidenceduparc.fr\/es\/#website"},"primaryImageOfPage":{"@id":"https:\/\/www.laresidenceduparc.fr\/es\/411-2\/#primaryimage"},"image":{"@id":"https:\/\/www.laresidenceduparc.fr\/es\/411-2\/#primaryimage"},"thumbnailUrl":"https:\/\/media.istockphoto.com\/id\/1185464424\/fr\/vectoriel\/ic%C3%B4ne-internet-wi-fi-vector-wi-fi-wlan-access-signal-wifi-sans-fil.jpg?s=612x612&amp;w=0&amp;k=20&amp;c=qRgOGljo_VBT_GRm7ytupPS6QGqM5FFnBMJRuX1tAcA=","datePublished":"2025-02-21T11:09:02+00:00","dateModified":"2025-03-06T16:35:18+00:00","breadcrumb":{"@id":"https:\/\/www.laresidenceduparc.fr\/es\/411-2\/#breadcrumb"},"inLanguage":"es","potentialAction":[{"@type":"ReadAction","target":["https:\/\/www.laresidenceduparc.fr\/es\/411-2\/"]}]},{"@type":"ImageObject","inLanguage":"es","@id":"https:\/\/www.laresidenceduparc.fr\/es\/411-2\/#primaryimage","url":"https:\/\/media.istockphoto.com\/id\/1185464424\/fr\/vectoriel\/ic%C3%B4ne-internet-wi-fi-vector-wi-fi-wlan-access-signal-wifi-sans-fil.jpg?s=612x612&amp;w=0&amp;k=20&amp;c=qRgOGljo_VBT_GRm7ytupPS6QGqM5FFnBMJRuX1tAcA=","contentUrl":"https:\/\/media.istockphoto.com\/id\/1185464424\/fr\/vectoriel\/ic%C3%B4ne-internet-wi-fi-vector-wi-fi-wlan-access-signal-wifi-sans-fil.jpg?s=612x612&amp;w=0&amp;k=20&amp;c=qRgOGljo_VBT_GRm7ytupPS6QGqM5FFnBMJRuX1tAcA="},{"@type":"BreadcrumbList","@id":"https:\/\/www.laresidenceduparc.fr\/es\/411-2\/#breadcrumb","itemListElement":[{"@type":"ListItem","position":1,"name":"Home","item":"https:\/\/www.laresidenceduparc.fr\/es\/"},{"@type":"ListItem","position":2,"name":"Bienvenido"}]},{"@type":"WebSite","@id":"https:\/\/www.laresidenceduparc.fr\/es\/#website","url":"https:\/\/www.laresidenceduparc.fr\/es\/","name":"R\u00e9sidence du Parc","description":"","potentialAction":[{"@type":"SearchAction","target":{"@type":"EntryPoint","urlTemplate":"https:\/\/www.laresidenceduparc.fr\/es\/?s={search_term_string}"},"query-input":"required name=search_term_string"}],"inLanguage":"es"}]}},"acf":[],"_links":{"self":[{"href":"https:\/\/www.laresidenceduparc.fr\/es\/wp-json\/wp\/v2\/pages\/411"}],"collection":[{"href":"https:\/\/www.laresidenceduparc.fr\/es\/wp-json\/wp\/v2\/pages"}],"about":[{"href":"https:\/\/www.laresidenceduparc.fr\/es\/wp-json\/wp\/v2\/types\/page"}],"author":[{"embeddable":true,"href":"https:\/\/www.laresidenceduparc.fr\/es\/wp-json\/wp\/v2\/users\/179"}],"replies":[{"embeddable":true,"href":"https:\/\/www.laresidenceduparc.fr\/es\/wp-json\/wp\/v2\/comments?post=411"}],"version-history":[{"count":0,"href":"https:\/\/www.laresidenceduparc.fr\/es\/wp-json\/wp\/v2\/pages\/411\/revisions"}],"wp:attachment":[{"href":"https:\/\/www.laresidenceduparc.fr\/es\/wp-json\/wp\/v2\/media?parent=411"}],"curies":[{"name":"wp","href":"https:\/\/api.w.org\/{rel}","templated":true}]}}