{"id":419,"date":"2025-03-05T15:51:35","date_gmt":"2025-03-05T15:51:35","guid":{"rendered":"https:\/\/www.laresidenceduparc.fr\/?page_id=419"},"modified":"2025-03-05T16:12:39","modified_gmt":"2025-03-05T16:12:39","slug":"estancia-economica-cerca-de-disneyland-paris","status":"publish","type":"page","link":"https:\/\/www.laresidenceduparc.fr\/es\/estancia-economica-cerca-de-disneyland-paris\/","title":{"rendered":"Estancia econ\u00f3mica cerca de Disneyland\u00ae Paris"},"content":{"rendered":"<h3>Estancia econ\u00f3mica cerca de Disneyland\u00ae Paris para familias y grupos<\/h3>\n<p>\u00bfEst\u00e1s planeando una estancia econ\u00f3mica cerca de <a href=\"https:\/\/tickets.disneylandparis.com\/fr-fr\/tickets?ecid=SEM_IP_S_8537264857-c-104657860267-68609491-535873779032-Exact&amp;gclsrc=aw.ds&amp;&amp;mkwid=6VkYDFMT&amp;gad_source=1&amp;gclid=CjwKCAiAh6y9BhBREiwApBLHCyTWtr07AoNzzERYS2vVI3v4M9GHmc7kDETmBjsYbgQzBJzPnwwLzRoCFuoQAvD_BwE&amp;pcrid=535873779032&amp;pmt=e&amp;pkw=disneyland+paris\" target=\"_blank\" rel=\"noopener\">Disneyland\u00ae Paris<\/a> con familia o amigos? La R\u00e9sidence du Parc es la opci\u00f3n ideal. Ofrecemos <a href=\"https:\/\/www.laresidenceduparc.fr\/appartements\/\"><strong>apartamentos amplios y totalmente equipados<\/strong><\/a>, dise\u00f1ados para familias numerosas y grupos, en un entorno acogedor y funcional.<\/p>\n<p>Cada apartamento dispone de una <strong>kitchenette completamente equipa<\/strong>da, lo que te permite preparar tus propias comidas y ahorrar en gastos diarios. Nuestros alojamientos modernos y confortables son perfectos para relajarte despu\u00e9s de un d\u00eda lleno de diversi\u00f3n en Disneyland Paris o explorando los alrededores. Adem\u00e1s, disfruta de <strong>Wi-Fi gratuito<\/strong> en todas las habitaciones para estar siempre conectado.<\/p>\n<p>Gracias a nuestra ubicaci\u00f3n estrat\u00e9gica, estar\u00e1s <a href=\"https:\/\/www.laresidenceduparc.fr\/places\/parcs-disney\/\"><strong>a solo unos minutos de los parques Disney<\/strong><\/a> y del <a href=\"https:\/\/www.laresidenceduparc.fr\/places\/centre-commercial-val-deurope\/\"><strong>Centro Comercial Val d\u2019Europe<\/strong><\/a>, uno de los m\u00e1s grandes de Europa.<\/p>\n<p>En La R\u00e9sidence du Parc, tambi\u00e9n disfrutar\u00e1s de numerosos servicios incluidos para garantizar tu comodidad y tranquilidad. Nuestra <strong>recepci\u00f3n est\u00e1 abierta las 24 horas<\/strong>, lista para atenderte en todo momento, y contamos con parking privado para que tu veh\u00edculo est\u00e9 seguro. Durante los meses de verano, de junio a septiembre, tambi\u00e9n puedes relajarte en nuestra piscina al aire libre.<\/p>\n<p>Todo est\u00e1 pensado para que tu estancia sea lo m\u00e1s placentera posible. Ya sea que viajes en familia, con amigos o incluso por negocios, La R\u00e9sidence du Parc es una opci\u00f3n c\u00f3moda y econ\u00f3mica para todos los viajeros.<\/p>\n<p><strong>\u00a1Reserva ahora<\/strong> y aprovecha nuestras <a href=\"https:\/\/www.laresidenceduparc.fr\/offres-speciales\/\"><strong>ofertas especiales<\/strong><\/a> para vivir una experiencia \u00fanica a pocos pasos de Disneyland Paris y las maravillas de Val d\u2019Europe.<\/p>\n<p><img loading=\"lazy\" decoding=\"async\" class=\"alignleft\" src=\"https:\/\/www.laresidenceduparc.fr\/wp-content\/uploads\/sites\/144\/2025\/01\/DLP2025-01-e1739282750625.jpg\" alt=\"Estancia econ\u00f3mica cerca de Disneyland Paris\" width=\"434\" height=\"244\" \/><\/p>\n<p>Descubre tambi\u00e9n:<\/p>\n<ul>\n<li><strong><a href=\"https:\/\/www.laresidenceduparc.fr\/reunions-seminaires\/\">Nuestras salas de reuniones para eventos profesionales<\/a><\/strong><\/li>\n<li><strong><a href=\"https:\/\/www.laresidenceduparc.fr\/offres-speciales\/\">Nuestras ofertas especiales para grupos y familias<\/a><\/strong><\/li>\n<\/ul>\n<p><strong>\u00a1Reserva ahora<\/strong> y disfruta de una estancia c\u00f3moda y econ\u00f3mica en La R\u00e9sidence du Parc!<\/p>\n","protected":false},"excerpt":{"rendered":"<p>Estancia econ\u00f3mica cerca de Disneyland\u00ae Paris para familias y grupos \u00bfEst\u00e1s planeando una estancia econ\u00f3mica cerca de Disneyland\u00ae Paris con familia o amigos? La R\u00e9sidence du Parc es la opci\u00f3n ideal. Ofrecemos apartamentos amplios y totalmente equipados, dise\u00f1ados para familias numerosas y grupos, en un entorno acogedor y funcional. Cada apartamento dispone de una kitchenette [&hellip;]<\/p>\n","protected":false},"author":179,"featured_media":0,"parent":0,"menu_order":0,"comment_status":"closed","ping_status":"closed","template":"","meta":{"footnotes":""},"class_list":["post-419","page","type-page","status-publish","hentry"],"yoast_head":"<!-- This site is optimized with the Yoast SEO plugin v27.3 - https:\/\/yoast.com\/product\/yoast-seo-wordpress\/ -->\n<title>Estancia econ\u00f3mica cerca de Disneyland\u00ae Paris - R\u00e9sidence du Parc<\/title>\n<meta name=\"description\" content=\"Vacaciones baratas cerca de Disneyland\u00ae Par\u00eds para familias y grupos. Reserva un piso c\u00f3modo y espacioso.\" \/>\n<meta name=\"robots\" content=\"index, follow, max-snippet:-1, max-image-preview:large, max-video-preview:-1\" \/>\n<link rel=\"canonical\" href=\"https:\/\/www.laresidenceduparc.fr\/es\/estancia-economica-cerca-de-disneyland-paris\/\" \/>\n<meta property=\"og:locale\" content=\"es_ES\" \/>\n<meta property=\"og:type\" content=\"article\" \/>\n<meta property=\"og:title\" content=\"Estancia econ\u00f3mica cerca de Disneyland\u00ae Paris - R\u00e9sidence du Parc\" \/>\n<meta property=\"og:description\" content=\"Vacaciones baratas cerca de Disneyland\u00ae Par\u00eds para familias y grupos. Reserva un piso c\u00f3modo y espacioso.\" \/>\n<meta property=\"og:url\" content=\"https:\/\/www.laresidenceduparc.fr\/es\/estancia-economica-cerca-de-disneyland-paris\/\" \/>\n<meta property=\"og:site_name\" content=\"R\u00e9sidence du Parc\" \/>\n<meta property=\"article:modified_time\" content=\"2025-03-05T16:12:39+00:00\" \/>\n<meta property=\"og:image\" content=\"https:\/\/www.laresidenceduparc.fr\/wp-content\/uploads\/sites\/144\/2025\/01\/DLP2025-01-e1739282750625.jpg\" \/>\n<meta name=\"twitter:card\" content=\"summary_large_image\" \/>\n<meta name=\"twitter:label1\" content=\"Tiempo de lectura\" \/>\n\t<meta name=\"twitter:data1\" content=\"2 minutos\" \/>\n<script type=\"application\/ld+json\" class=\"yoast-schema-graph\">{\"@context\":\"https:\\\/\\\/schema.org\",\"@graph\":[{\"@type\":\"WebPage\",\"@id\":\"https:\\\/\\\/www.laresidenceduparc.fr\\\/es\\\/estancia-economica-cerca-de-disneyland-paris\\\/\",\"url\":\"https:\\\/\\\/www.laresidenceduparc.fr\\\/es\\\/estancia-economica-cerca-de-disneyland-paris\\\/\",\"name\":\"Estancia econ\u00f3mica cerca de Disneyland\u00ae Paris - R\u00e9sidence du Parc\",\"isPartOf\":{\"@id\":\"https:\\\/\\\/www.laresidenceduparc.fr\\\/es\\\/#website\"},\"primaryImageOfPage\":{\"@id\":\"https:\\\/\\\/www.laresidenceduparc.fr\\\/es\\\/estancia-economica-cerca-de-disneyland-paris\\\/#primaryimage\"},\"image\":{\"@id\":\"https:\\\/\\\/www.laresidenceduparc.fr\\\/es\\\/estancia-economica-cerca-de-disneyland-paris\\\/#primaryimage\"},\"thumbnailUrl\":\"https:\\\/\\\/www.laresidenceduparc.fr\\\/wp-content\\\/uploads\\\/sites\\\/144\\\/2025\\\/01\\\/DLP2025-01-e1739282750625.jpg\",\"datePublished\":\"2025-03-05T15:51:35+00:00\",\"dateModified\":\"2025-03-05T16:12:39+00:00\",\"description\":\"Vacaciones baratas cerca de Disneyland\u00ae Par\u00eds para familias y grupos. Reserva un piso c\u00f3modo y espacioso.\",\"breadcrumb\":{\"@id\":\"https:\\\/\\\/www.laresidenceduparc.fr\\\/es\\\/estancia-economica-cerca-de-disneyland-paris\\\/#breadcrumb\"},\"inLanguage\":\"es\",\"potentialAction\":[{\"@type\":\"ReadAction\",\"target\":[\"https:\\\/\\\/www.laresidenceduparc.fr\\\/es\\\/estancia-economica-cerca-de-disneyland-paris\\\/\"]}]},{\"@type\":\"ImageObject\",\"inLanguage\":\"es\",\"@id\":\"https:\\\/\\\/www.laresidenceduparc.fr\\\/es\\\/estancia-economica-cerca-de-disneyland-paris\\\/#primaryimage\",\"url\":\"https:\\\/\\\/www.laresidenceduparc.fr\\\/wp-content\\\/uploads\\\/sites\\\/144\\\/2025\\\/01\\\/DLP2025-01-e1739282750625.jpg\",\"contentUrl\":\"https:\\\/\\\/www.laresidenceduparc.fr\\\/wp-content\\\/uploads\\\/sites\\\/144\\\/2025\\\/01\\\/DLP2025-01-e1739282750625.jpg\"},{\"@type\":\"BreadcrumbList\",\"@id\":\"https:\\\/\\\/www.laresidenceduparc.fr\\\/es\\\/estancia-economica-cerca-de-disneyland-paris\\\/#breadcrumb\",\"itemListElement\":[{\"@type\":\"ListItem\",\"position\":1,\"name\":\"Home\",\"item\":\"https:\\\/\\\/www.laresidenceduparc.fr\\\/es\\\/\"},{\"@type\":\"ListItem\",\"position\":2,\"name\":\"Estancia econ\u00f3mica cerca de Disneyland\u00ae Paris\"}]},{\"@type\":\"WebSite\",\"@id\":\"https:\\\/\\\/www.laresidenceduparc.fr\\\/es\\\/#website\",\"url\":\"https:\\\/\\\/www.laresidenceduparc.fr\\\/es\\\/\",\"name\":\"R\u00e9sidence du Parc\",\"description\":\"\",\"potentialAction\":[{\"@type\":\"SearchAction\",\"target\":{\"@type\":\"EntryPoint\",\"urlTemplate\":\"https:\\\/\\\/www.laresidenceduparc.fr\\\/es\\\/?s={search_term_string}\"},\"query-input\":{\"@type\":\"PropertyValueSpecification\",\"valueRequired\":true,\"valueName\":\"search_term_string\"}}],\"inLanguage\":\"es\"}]}<\/script>\n<!-- \/ Yoast SEO plugin. -->","yoast_head_json":{"title":"Estancia econ\u00f3mica cerca de Disneyland\u00ae Paris - R\u00e9sidence du Parc","description":"Vacaciones baratas cerca de Disneyland\u00ae Par\u00eds para familias y grupos. Reserva un piso c\u00f3modo y espacioso.","robots":{"index":"index","follow":"follow","max-snippet":"max-snippet:-1","max-image-preview":"max-image-preview:large","max-video-preview":"max-video-preview:-1"},"canonical":"https:\/\/www.laresidenceduparc.fr\/es\/estancia-economica-cerca-de-disneyland-paris\/","og_locale":"es_ES","og_type":"article","og_title":"Estancia econ\u00f3mica cerca de Disneyland\u00ae Paris - R\u00e9sidence du Parc","og_description":"Vacaciones baratas cerca de Disneyland\u00ae Par\u00eds para familias y grupos. Reserva un piso c\u00f3modo y espacioso.","og_url":"https:\/\/www.laresidenceduparc.fr\/es\/estancia-economica-cerca-de-disneyland-paris\/","og_site_name":"R\u00e9sidence du Parc","article_modified_time":"2025-03-05T16:12:39+00:00","og_image":[{"url":"https:\/\/www.laresidenceduparc.fr\/wp-content\/uploads\/sites\/144\/2025\/01\/DLP2025-01-e1739282750625.jpg","type":"","width":"","height":""}],"twitter_card":"summary_large_image","twitter_misc":{"Tiempo de lectura":"2 minutos"},"schema":{"@context":"https:\/\/schema.org","@graph":[{"@type":"WebPage","@id":"https:\/\/www.laresidenceduparc.fr\/es\/estancia-economica-cerca-de-disneyland-paris\/","url":"https:\/\/www.laresidenceduparc.fr\/es\/estancia-economica-cerca-de-disneyland-paris\/","name":"Estancia econ\u00f3mica cerca de Disneyland\u00ae Paris - R\u00e9sidence du Parc","isPartOf":{"@id":"https:\/\/www.laresidenceduparc.fr\/es\/#website"},"primaryImageOfPage":{"@id":"https:\/\/www.laresidenceduparc.fr\/es\/estancia-economica-cerca-de-disneyland-paris\/#primaryimage"},"image":{"@id":"https:\/\/www.laresidenceduparc.fr\/es\/estancia-economica-cerca-de-disneyland-paris\/#primaryimage"},"thumbnailUrl":"https:\/\/www.laresidenceduparc.fr\/wp-content\/uploads\/sites\/144\/2025\/01\/DLP2025-01-e1739282750625.jpg","datePublished":"2025-03-05T15:51:35+00:00","dateModified":"2025-03-05T16:12:39+00:00","description":"Vacaciones baratas cerca de Disneyland\u00ae Par\u00eds para familias y grupos. Reserva un piso c\u00f3modo y espacioso.","breadcrumb":{"@id":"https:\/\/www.laresidenceduparc.fr\/es\/estancia-economica-cerca-de-disneyland-paris\/#breadcrumb"},"inLanguage":"es","potentialAction":[{"@type":"ReadAction","target":["https:\/\/www.laresidenceduparc.fr\/es\/estancia-economica-cerca-de-disneyland-paris\/"]}]},{"@type":"ImageObject","inLanguage":"es","@id":"https:\/\/www.laresidenceduparc.fr\/es\/estancia-economica-cerca-de-disneyland-paris\/#primaryimage","url":"https:\/\/www.laresidenceduparc.fr\/wp-content\/uploads\/sites\/144\/2025\/01\/DLP2025-01-e1739282750625.jpg","contentUrl":"https:\/\/www.laresidenceduparc.fr\/wp-content\/uploads\/sites\/144\/2025\/01\/DLP2025-01-e1739282750625.jpg"},{"@type":"BreadcrumbList","@id":"https:\/\/www.laresidenceduparc.fr\/es\/estancia-economica-cerca-de-disneyland-paris\/#breadcrumb","itemListElement":[{"@type":"ListItem","position":1,"name":"Home","item":"https:\/\/www.laresidenceduparc.fr\/es\/"},{"@type":"ListItem","position":2,"name":"Estancia econ\u00f3mica cerca de Disneyland\u00ae Paris"}]},{"@type":"WebSite","@id":"https:\/\/www.laresidenceduparc.fr\/es\/#website","url":"https:\/\/www.laresidenceduparc.fr\/es\/","name":"R\u00e9sidence du Parc","description":"","potentialAction":[{"@type":"SearchAction","target":{"@type":"EntryPoint","urlTemplate":"https:\/\/www.laresidenceduparc.fr\/es\/?s={search_term_string}"},"query-input":{"@type":"PropertyValueSpecification","valueRequired":true,"valueName":"search_term_string"}}],"inLanguage":"es"}]}},"acf":[],"_links":{"self":[{"href":"https:\/\/www.laresidenceduparc.fr\/es\/wp-json\/wp\/v2\/pages\/419","targetHints":{"allow":["GET"]}}],"collection":[{"href":"https:\/\/www.laresidenceduparc.fr\/es\/wp-json\/wp\/v2\/pages"}],"about":[{"href":"https:\/\/www.laresidenceduparc.fr\/es\/wp-json\/wp\/v2\/types\/page"}],"author":[{"embeddable":true,"href":"https:\/\/www.laresidenceduparc.fr\/es\/wp-json\/wp\/v2\/users\/179"}],"replies":[{"embeddable":true,"href":"https:\/\/www.laresidenceduparc.fr\/es\/wp-json\/wp\/v2\/comments?post=419"}],"version-history":[{"count":0,"href":"https:\/\/www.laresidenceduparc.fr\/es\/wp-json\/wp\/v2\/pages\/419\/revisions"}],"wp:attachment":[{"href":"https:\/\/www.laresidenceduparc.fr\/es\/wp-json\/wp\/v2\/media?parent=419"}],"curies":[{"name":"wp","href":"https:\/\/api.w.org\/{rel}","templated":true}]}}